{"id":652,"date":"2021-05-27T06:31:32","date_gmt":"2021-05-27T13:31:32","guid":{"rendered":"https:\/\/lifelinepregnancycenter.org\/aborto\/"},"modified":"2024-08-27T14:10:50","modified_gmt":"2024-08-27T21:10:50","slug":"aborto","status":"publish","type":"page","link":"https:\/\/lifelinepregnancycenter.org\/es\/opciones\/aborto\/","title":{"rendered":"Aborto"},"content":{"rendered":"\n<h2 class=\"wp-block-heading\">Tome una decisi\u00f3n informada<\/h2>\n\n\n\n<p>Si desea abortar, es importante que sepa que el aborto es un procedimiento m\u00e9dico. Conocer los distintos tipos de aborto, incluidos sus riesgos, te ayudar\u00e1 a tomar una decisi\u00f3n con conocimiento de causa.<\/p>\n\n\n\n<p>En LifeLine Pregnancy Center, entendemos que un embarazo inesperado puede hacer que se sienta abrumada y con pocas opciones. Nuestros atentos y formados voluntarios son conscientes de estas preocupaciones y est\u00e1n aqu\u00ed para ayudar.<\/p>\n\n\n\n<h2 class=\"wp-block-heading\">Riesgos del aborto<\/h2>\n\n\n\n<p>Mereces conocer los riesgos del aborto antes de tomar una decisi\u00f3n definitiva. Algunos posibles&nbsp;<a rel=\"noreferrer noopener\" href=\"https:\/\/www.mayoclinic.org\/tests-procedures\/medical-abortion\/about\/pac-20394687\" target=\"_blank\">riesgos<\/a>&nbsp;del aborto m\u00e9dico incluyen:<\/p>\n\n\n\n<ul class=\"wp-block-list\"><li>Aborto incompleto, que puede necesitar ser seguido de un aborto quir\u00fargico<\/li><li>Un embarazo en curso si el procedimiento no funciona<\/li><li>Sangrado abundante y prolongado<\/li><li>Infecci\u00f3n<\/li><li>Fiebre<\/li><li>Molestias en el aparato digestivo<\/li><\/ul>\n\n\n\n<p><a rel=\"noreferrer noopener\" href=\"https:\/\/medlineplus.gov\/ency\/article\/002912.htm\" target=\"_blank\">Riesgos potenciales<\/a>&nbsp;<a rel=\"noreferrer noopener\" href=\"https:\/\/medlineplus.gov\/ency\/article\/002912.htm\" target=\"_blank\">&nbsp; del aborto quir\u00fargico incluyen:<\/a><\/p>\n\n\n\n<ul class=\"wp-block-list\"><li>Da\u00f1os en el \u00fatero o en el cuello del \u00fatero<\/li><li>Perforaci\u00f3n uterina (hacer accidentalmente un agujero en el \u00fatero con uno de los instrumentos utilizados)<\/li><li>Sangrado excesivo<\/li><li>Infecci\u00f3n del \u00fatero o de las trompas de Falopio<\/li><li>Cicatrizaci\u00f3n del interior del \u00fatero<\/li><li>Reacci\u00f3n a los medicamentos o a la anestesia, como problemas para respirar<\/li><li>No extirpar todo el tejido, lo que requiere otro procedimiento<\/li><\/ul>\n\n\n\n<h2 class=\"wp-block-heading\">Confirme su embarazo<\/h2>\n\n\n\n<p>Antes de decidirte, confirma primero que est\u00e1s embarazada. Muchas mujeres se ponen en contacto con nosotros porque se les retrasa la regla. Puede haber muchas razones para que se retrase la menstruaci\u00f3n, como el estr\u00e9s, los cambios en la dieta o los cambios en el r\u00e9gimen de ejercicio.<\/p>\n\n\n\n<p>Puedes verificar tu embarazo en LifeLine Pregnancy Center con una prueba de embarazo de grado m\u00e9dico y una ecograf\u00eda limitada para estar segura.  <\/p>\n\n\n\n<p>Nuestro personal en LifeLine Pregnancy Center est\u00e1 aqu\u00ed para ayudarle a informarse de todas sus opciones, para que pueda elegir la mejor para usted.  <\/p>\n\n\n\n<p><a href=\"https:\/\/lifelinepregnancycenter.org\/contact-us\/\" data-type=\"URL\" data-id=\"https:\/\/lifelinepregnancycenter.org\/contact-us\/\" target=\"_blank\" rel=\"noreferrer noopener\">P\u00f3ngase en contacto con nosotros<\/a> para concertar una cita o venga sin cita previa para recibir los servicios gratuitos que ofrecemos.  <\/p>\n","protected":false},"excerpt":{"rendered":"<p>Si desea abortar, es importante que sepa que el aborto es un procedimiento m\u00e9dico. Conocer los distintos tipos de aborto, incluidos sus riesgos, te ayudar\u00e1 a tomar una decisi\u00f3n con conocimiento de causa.<\/p>\n","protected":false},"author":1,"featured_media":919,"parent":679,"menu_order":0,"comment_status":"closed","ping_status":"closed","template":"","meta":{"_acf_changed":false,"footnotes":"","_links_to":"","_links_to_target":""},"class_list":["post-652","page","type-page","status-publish","has-post-thumbnail","hentry"],"acf":[],"yoast_head":"<!-- This site is optimized with the Yoast SEO plugin v27.3 - https:\/\/yoast.com\/product\/yoast-seo-wordpress\/ -->\n<title>Aborto en Grover Beach, CA - Line Pregnancy Center<\/title>\n<meta name=\"description\" content=\"Read more about Aborto in this page. LifeLine Pregnancy Center offers free pregnancy services in Grover Beach, CA.\" \/>\n<meta name=\"robots\" content=\"index, follow, max-snippet:-1, max-image-preview:large, max-video-preview:-1\" \/>\n<link rel=\"canonical\" href=\"https:\/\/lifelinepregnancycenter.org\/es\/opciones\/aborto\/\" \/>\n<meta property=\"og:locale\" content=\"es_ES\" \/>\n<meta property=\"og:type\" content=\"article\" \/>\n<meta property=\"og:title\" content=\"Aborto en Grover Beach, CA - Line Pregnancy Center\" \/>\n<meta property=\"og:description\" content=\"Read more about Aborto in this page. LifeLine Pregnancy Center offers free pregnancy services in Grover Beach, CA.\" \/>\n<meta property=\"og:url\" content=\"https:\/\/lifelinepregnancycenter.org\/es\/opciones\/aborto\/\" \/>\n<meta property=\"og:site_name\" content=\"Line Pregnancy Center\" \/>\n<meta property=\"article:modified_time\" content=\"2024-08-27T21:10:50+00:00\" \/>\n<meta property=\"og:image\" content=\"https:\/\/lifelinepregnancycenter.org\/wp-content\/uploads\/2022\/12\/abortion-e1670395718821.jpg\" \/>\n\t<meta property=\"og:image:width\" content=\"988\" \/>\n\t<meta property=\"og:image:height\" content=\"1258\" \/>\n\t<meta property=\"og:image:type\" content=\"image\/jpeg\" \/>\n<meta name=\"twitter:card\" content=\"summary_large_image\" \/>\n<meta name=\"twitter:label1\" content=\"Tiempo de lectura\" \/>\n\t<meta name=\"twitter:data1\" content=\"2 minutos\" \/>\n<!-- \/ Yoast SEO plugin. -->","yoast_head_json":{"title":"Aborto en Grover Beach, CA - Line Pregnancy Center","description":"Read more about Aborto in this page. LifeLine Pregnancy Center offers free pregnancy services in Grover Beach, CA.","robots":{"index":"index","follow":"follow","max-snippet":"max-snippet:-1","max-image-preview":"max-image-preview:large","max-video-preview":"max-video-preview:-1"},"canonical":"https:\/\/lifelinepregnancycenter.org\/es\/opciones\/aborto\/","og_locale":"es_ES","og_type":"article","og_title":"Aborto en Grover Beach, CA - Line Pregnancy Center","og_description":"Read more about Aborto in this page. LifeLine Pregnancy Center offers free pregnancy services in Grover Beach, CA.","og_url":"https:\/\/lifelinepregnancycenter.org\/es\/opciones\/aborto\/","og_site_name":"Line Pregnancy Center","article_modified_time":"2024-08-27T21:10:50+00:00","og_image":[{"width":988,"height":1258,"url":"https:\/\/lifelinepregnancycenter.org\/wp-content\/uploads\/2022\/12\/abortion-e1670395718821.jpg","type":"image\/jpeg"}],"twitter_card":"summary_large_image","twitter_misc":{"Tiempo de lectura":"2 minutos"},"schema":{"@context":"https:\/\/schema.org","@graph":[{"@type":"WebPage","@id":"https:\/\/lifelinepregnancycenter.org\/es\/opciones\/aborto\/","url":"https:\/\/lifelinepregnancycenter.org\/es\/opciones\/aborto\/","name":"Aborto en Grover Beach, CA - Line Pregnancy Center","isPartOf":{"@id":"https:\/\/lifelinepregnancycenter.org\/es\/#website"},"primaryImageOfPage":{"@id":"https:\/\/lifelinepregnancycenter.org\/es\/opciones\/aborto\/#primaryimage"},"image":{"@id":"https:\/\/lifelinepregnancycenter.org\/es\/opciones\/aborto\/#primaryimage"},"thumbnailUrl":"https:\/\/lifelinepregnancycenter.org\/wp-content\/uploads\/2022\/12\/abortion-e1670395718821.jpg","datePublished":"2021-05-27T13:31:32+00:00","dateModified":"2024-08-27T21:10:50+00:00","description":"Read more about Aborto in this page. LifeLine Pregnancy Center offers free pregnancy services in Grover Beach, CA.","breadcrumb":{"@id":"https:\/\/lifelinepregnancycenter.org\/es\/opciones\/aborto\/#breadcrumb"},"inLanguage":"es","potentialAction":[{"@type":"ReadAction","target":["https:\/\/lifelinepregnancycenter.org\/es\/opciones\/aborto\/"]}]},{"@type":"ImageObject","inLanguage":"es","@id":"https:\/\/lifelinepregnancycenter.org\/es\/opciones\/aborto\/#primaryimage","url":"https:\/\/lifelinepregnancycenter.org\/wp-content\/uploads\/2022\/12\/abortion-e1670395718821.jpg","contentUrl":"https:\/\/lifelinepregnancycenter.org\/wp-content\/uploads\/2022\/12\/abortion-e1670395718821.jpg","width":988,"height":1258,"caption":"What Do I Need to Know if I Am Pregnant in College?"},{"@type":"BreadcrumbList","@id":"https:\/\/lifelinepregnancycenter.org\/es\/opciones\/aborto\/#breadcrumb","itemListElement":[{"@type":"ListItem","position":1,"name":"Home","item":"https:\/\/lifelinepregnancycenter.org\/es\/"},{"@type":"ListItem","position":2,"name":"Opciones","item":"https:\/\/lifelinepregnancycenter.org\/es\/opciones\/"},{"@type":"ListItem","position":3,"name":"Aborto"}]},{"@type":"WebSite","@id":"https:\/\/lifelinepregnancycenter.org\/es\/#website","url":"https:\/\/lifelinepregnancycenter.org\/es\/","name":"Line Pregnancy Center","description":"","publisher":{"@id":"https:\/\/lifelinepregnancycenter.org\/es\/#organization"},"potentialAction":[{"@type":"SearchAction","target":{"@type":"EntryPoint","urlTemplate":"https:\/\/lifelinepregnancycenter.org\/es\/?s={search_term_string}"},"query-input":{"@type":"PropertyValueSpecification","valueRequired":true,"valueName":"search_term_string"}}],"inLanguage":"es"},{"@type":"Organization","@id":"https:\/\/lifelinepregnancycenter.org\/es\/#organization","name":"Line Pregnancy Center","url":"https:\/\/lifelinepregnancycenter.org\/es\/","logo":{"@type":"ImageObject","inLanguage":"es","@id":"https:\/\/lifelinepregnancycenter.org\/es\/#\/schema\/logo\/image\/","url":"https:\/\/lifelinepregnancycenter.org\/wp-content\/uploads\/2022\/11\/logo-1-e1674192508433.png","contentUrl":"https:\/\/lifelinepregnancycenter.org\/wp-content\/uploads\/2022\/11\/logo-1-e1674192508433.png","width":300,"height":47,"caption":"Line Pregnancy Center"},"image":{"@id":"https:\/\/lifelinepregnancycenter.org\/es\/#\/schema\/logo\/image\/"}}]}},"_links":{"self":[{"href":"https:\/\/lifelinepregnancycenter.org\/es\/wp-json\/wp\/v2\/pages\/652","targetHints":{"allow":["GET"]}}],"collection":[{"href":"https:\/\/lifelinepregnancycenter.org\/es\/wp-json\/wp\/v2\/pages"}],"about":[{"href":"https:\/\/lifelinepregnancycenter.org\/es\/wp-json\/wp\/v2\/types\/page"}],"author":[{"embeddable":true,"href":"https:\/\/lifelinepregnancycenter.org\/es\/wp-json\/wp\/v2\/users\/1"}],"replies":[{"embeddable":true,"href":"https:\/\/lifelinepregnancycenter.org\/es\/wp-json\/wp\/v2\/comments?post=652"}],"version-history":[{"count":3,"href":"https:\/\/lifelinepregnancycenter.org\/es\/wp-json\/wp\/v2\/pages\/652\/revisions"}],"predecessor-version":[{"id":1565,"href":"https:\/\/lifelinepregnancycenter.org\/es\/wp-json\/wp\/v2\/pages\/652\/revisions\/1565"}],"up":[{"embeddable":true,"href":"https:\/\/lifelinepregnancycenter.org\/es\/wp-json\/wp\/v2\/pages\/679"}],"wp:featuredmedia":[{"embeddable":true,"href":"https:\/\/lifelinepregnancycenter.org\/es\/wp-json\/wp\/v2\/media\/919"}],"wp:attachment":[{"href":"https:\/\/lifelinepregnancycenter.org\/es\/wp-json\/wp\/v2\/media?parent=652"}],"curies":[{"name":"wp","href":"https:\/\/api.w.org\/{rel}","templated":true}]}}