{"id":665,"date":"2022-11-16T10:17:42","date_gmt":"2022-11-16T18:17:42","guid":{"rendered":"https:\/\/lifelinepregnancycenter.org\/apoyenos\/"},"modified":"2023-02-16T14:03:13","modified_gmt":"2023-02-16T22:03:13","slug":"apoyenos","status":"publish","type":"page","link":"https:\/\/lifelinepregnancycenter.org\/es\/apoyenos\/","title":{"rendered":"Ap\u00f3yenos"},"content":{"rendered":"&#13;\n<h3 class=\"wp-block-heading\"><strong>Nuestra misi\u00f3n<\/strong><\/h3>&#13;\n&#13;\n<p>LifeLine Pregnancy Center es una organizaci\u00f3n sin fines de lucro 501 (c) (3) que ha estado sirviendo a la Comunidad de las Cinco Ciudades <strong>por<\/strong> <strong>m\u00e1s de<\/strong> <strong>\n  <em>de 30 a\u00f1os<\/em>\n<\/strong>. Todas las donaciones son deducibles de impuestos y contribuyen en gran medida a apoyar nuestra misi\u00f3n. Nuestra organizaci\u00f3n est\u00e1 financiada \u00fanicamente por particulares, empresas, iglesias y recaudaciones de fondos. No recibimos ninguna financiaci\u00f3n gubernamental.<\/p>&#13;\n&#13;\n<p>Las donaciones son siempre muy apreciadas y permiten LifeLine Pregnancy Center para continuar la construcci\u00f3n de relaciones con las familias en todo el Cinco Ciudades de la Comunidad, la promoci\u00f3n de <strong>\n  <em>nuestra misi\u00f3n de ayudar de manera tangible, pr\u00e1ctica<\/em>\n<\/strong>.<\/p>&#13;\n&#13;\n<h3 class=\"wp-block-heading\"><strong>Apoyo financiero<\/strong><\/h3>&#13;\n&#13;\n<p>Sus generosas contribuciones van un largo camino para ayudar a LifeLine Pregnancy Center servir a las familias a trav\u00e9s de la Comunidad de las Cinco Ciudades. Con su apoyo, nuestra misi\u00f3n de &#8220;ayudar de forma tangible y pr\u00e1ctica&#8221; puede continuar.<\/p>&#13;\n\r\n<div class=\"wp-block-buttons is-layout-flex wp-block-buttons-is-layout-flex\">&#13;\n<div class=\"wp-block-button\"><a class=\"wp-block-button__link\" href=\"https:\/\/tithe.ly\/give_new\/www\/#\/tithely\/give-one-time\/81752\">Donar<\/a><\/div>&#13;\n<\/div>\r\n&#13;\n<h3 class=\"wp-block-heading\"><strong>Oportunidades de voluntariado<\/strong><\/h3>&#13;\n&#13;\n<p>El voluntariado en el Centro de Embarazo LifeLine es una gran oportunidad para cualquier persona dispuesta a contribuir con su tiempo y talento para ayudar a promover nuestra misi\u00f3n. Estas oportunidades de voluntariado van desde el trabajo en nuestra oficina hasta la participaci\u00f3n en nuestra junta directiva. Dondequiera que sirvas, estar\u00e1s marcando la diferencia. Haga clic a continuaci\u00f3n para obtener m\u00e1s informaci\u00f3n.<\/p>&#13;\n\n<div class=\"wp-block-buttons is-layout-flex wp-block-buttons-is-layout-flex\">\n<div class=\"wp-block-button\">Formas de servir<\/div>\n<div> <\/div>\n<\/div>\n<div><a href=\"https:\/\/www.thrivent.com\/about-us\/membership\/thrivent-choice\" target=\"_blank\" rel=\"noopener\"><img decoding=\"async\" class=\"alignnone size-medium wp-image-1170\" src=\"https:\/\/lifelinepregnancycenter.org\/wp-content\/uploads\/2023\/02\/31053b-598x156-black-png-300x78.png\" alt=\"\" width=\"300\" height=\"78\" srcset=\"https:\/\/lifelinepregnancycenter.org\/wp-content\/uploads\/2023\/02\/31053b-598x156-black-png-300x78.png 300w, https:\/\/lifelinepregnancycenter.org\/wp-content\/uploads\/2023\/02\/31053b-598x156-black-png-120x31.png 120w, https:\/\/lifelinepregnancycenter.org\/wp-content\/uploads\/2023\/02\/31053b-598x156-black-png.png 598w\" sizes=\"(max-width: 300px) 100vw, 300px\" \/><\/a><\/div>\n<div> <\/div>\n<div><span data-slate-node=\"text\">\n  <span class=\"sc-jSMfEi bcxZlK\" data-slate-leaf=\"true\">Por compartir esta informaci\u00f3n sobre Thrivent Choice<\/span>\n<\/span><span data-slate-node=\"text\">\n  <span class=\"sc-jSMfEi bcxZlK\" data-slate-leaf=\"true\">\n    <strong>\u00ae<\/strong>\n  <\/span>\n<\/span><span data-slate-node=\"text\" data-slate-fragment=\"JTVCJTdCJTIydHlwZSUyMiUzQSUyMnBhcmFncmFwaCUyMiUyQyUyMmNoaWxkcmVuJTIyJTNBJTVCJTdCJTIydGV4dCUyMiUzQSUyMkZvciUyMHNoYXJpbmclMjB0aGlzJTIwaW5mb3JtYXRpb24lMjBhYm91dCUyMFRocml2ZW50JTIwQ2hvaWNlJTIyJTJDJTIyY29sb3IlMjIlM0ElMjJyZ2IodmFyKC0tY29sb3JfMTUpKSUyMiU3RCUyQyU3QiUyMnRleHQlMjIlM0ElMjIlQzIlQUUlMjIlMkMlMjJib2xkJTIyJTNBdHJ1ZSUyQyUyMmNvbG9yJTIyJTNBJTIycmdiKHZhcigtLWNvbG9yXzE1KSklMjIlN0QlMkMlN0IlMjJ0ZXh0JTIyJTNBJTIyJTJDJTIwb3VyJTIwVGhyaXZlbnQlMjBNZW1iZXIlMjBOZXR3b3JrJTIwaXMlMjBnaXZpbmclMjB1cyUyMGElMjBjaGFuY2UlMjB0byUyMHdpbiUyMGElMjBkb25hdGlvbiUyMG9mJTIwdXAlMjB0byUyMCUyNDElMkMwMDAlMjBpbiUyMEFwcmlsJTIwMjAyMyElQzIlQTAlMjIlMkMlMjJjb2xvciUyMiUzQSUyMnJnYih2YXIoLS1jb2xvcl8xNSkpJTIyJTdEJTVEJTdEJTVE\">\n  <span class=\"sc-jSMfEi bcxZlK\" data-slate-leaf=\"true\">nuestra Red de Miembros Thrivent nos da la oportunidad de ganar una donaci\u00f3n de hasta $1.000 en abril de 2023. <\/span>\n<\/span> <\/div>\n","protected":false},"excerpt":{"rendered":"<p>&#13; Nuestra misi\u00f3n &#13; &#13; LifeLine Pregnancy Center es una organizaci\u00f3n sin fines de lucro 501 (c) (3) que ha estado sirviendo a la Comunidad de las Cinco Ciudades por m\u00e1s de de 30 a\u00f1os . Todas las donaciones son deducibles de impuestos y contribuyen en gran medida a apoyar nuestra misi\u00f3n. Nuestra organizaci\u00f3n est\u00e1<\/p>\n","protected":false},"author":1,"featured_media":0,"parent":0,"menu_order":0,"comment_status":"closed","ping_status":"closed","template":"views\/template-full-width.blade.php","meta":{"_acf_changed":false,"footnotes":"","_links_to":"","_links_to_target":""},"class_list":["post-665","page","type-page","status-publish","hentry"],"acf":[],"yoast_head":"<!-- This site is optimized with the Yoast SEO plugin v27.5 - https:\/\/yoast.com\/product\/yoast-seo-wordpress\/ -->\n<title>Ap\u00f3yenos - Line Pregnancy Center<\/title>\n<meta name=\"description\" content=\"Read more about Ap\u00f3yenos in this page. LifeLine Pregnancy Center offers free pregnancy services in Grover Beach, CA.\" \/>\n<meta name=\"robots\" content=\"index, follow, max-snippet:-1, max-image-preview:large, max-video-preview:-1\" \/>\n<link rel=\"canonical\" href=\"https:\/\/lifelinepregnancycenter.org\/es\/apoyenos\/\" \/>\n<meta property=\"og:locale\" content=\"es_ES\" \/>\n<meta property=\"og:type\" content=\"article\" \/>\n<meta property=\"og:title\" content=\"Ap\u00f3yenos - Line Pregnancy Center\" \/>\n<meta property=\"og:description\" content=\"Read more about Ap\u00f3yenos in this page. LifeLine Pregnancy Center offers free pregnancy services in Grover Beach, CA.\" \/>\n<meta property=\"og:url\" content=\"https:\/\/lifelinepregnancycenter.org\/es\/apoyenos\/\" \/>\n<meta property=\"og:site_name\" content=\"Line Pregnancy Center\" \/>\n<meta property=\"article:modified_time\" content=\"2023-02-16T22:03:13+00:00\" \/>\n<meta property=\"og:image\" content=\"https:\/\/lifelinepregnancycenter.org\/wp-content\/uploads\/2023\/02\/31053b-598x156-black-png-300x78.png\" \/>\n<meta name=\"twitter:card\" content=\"summary_large_image\" \/>\n<meta name=\"twitter:label1\" content=\"Tiempo de lectura\" \/>\n\t<meta name=\"twitter:data1\" content=\"1 minuto\" \/>\n<!-- \/ Yoast SEO plugin. -->","yoast_head_json":{"title":"Ap\u00f3yenos - Line Pregnancy Center","description":"Read more about Ap\u00f3yenos in this page. LifeLine Pregnancy Center offers free pregnancy services in Grover Beach, CA.","robots":{"index":"index","follow":"follow","max-snippet":"max-snippet:-1","max-image-preview":"max-image-preview:large","max-video-preview":"max-video-preview:-1"},"canonical":"https:\/\/lifelinepregnancycenter.org\/es\/apoyenos\/","og_locale":"es_ES","og_type":"article","og_title":"Ap\u00f3yenos - Line Pregnancy Center","og_description":"Read more about Ap\u00f3yenos in this page. LifeLine Pregnancy Center offers free pregnancy services in Grover Beach, CA.","og_url":"https:\/\/lifelinepregnancycenter.org\/es\/apoyenos\/","og_site_name":"Line Pregnancy Center","article_modified_time":"2023-02-16T22:03:13+00:00","og_image":[{"url":"https:\/\/lifelinepregnancycenter.org\/wp-content\/uploads\/2023\/02\/31053b-598x156-black-png-300x78.png","type":"","width":"","height":""}],"twitter_card":"summary_large_image","twitter_misc":{"Tiempo de lectura":"1 minuto"},"schema":{"@context":"https:\/\/schema.org","@graph":[{"@type":"WebPage","@id":"https:\/\/lifelinepregnancycenter.org\/es\/apoyenos\/","url":"https:\/\/lifelinepregnancycenter.org\/es\/apoyenos\/","name":"Ap\u00f3yenos - Line Pregnancy Center","isPartOf":{"@id":"https:\/\/lifelinepregnancycenter.org\/es\/#website"},"primaryImageOfPage":{"@id":"https:\/\/lifelinepregnancycenter.org\/es\/apoyenos\/#primaryimage"},"image":{"@id":"https:\/\/lifelinepregnancycenter.org\/es\/apoyenos\/#primaryimage"},"thumbnailUrl":"https:\/\/lifelinepregnancycenter.org\/wp-content\/uploads\/2023\/02\/31053b-598x156-black-png-300x78.png","datePublished":"2022-11-16T18:17:42+00:00","dateModified":"2023-02-16T22:03:13+00:00","description":"Read more about Ap\u00f3yenos in this page. LifeLine Pregnancy Center offers free pregnancy services in Grover Beach, CA.","breadcrumb":{"@id":"https:\/\/lifelinepregnancycenter.org\/es\/apoyenos\/#breadcrumb"},"inLanguage":"es","potentialAction":[{"@type":"ReadAction","target":["https:\/\/lifelinepregnancycenter.org\/es\/apoyenos\/"]}]},{"@type":"ImageObject","inLanguage":"es","@id":"https:\/\/lifelinepregnancycenter.org\/es\/apoyenos\/#primaryimage","url":"https:\/\/lifelinepregnancycenter.org\/wp-content\/uploads\/2023\/02\/31053b-598x156-black-png-300x78.png","contentUrl":"https:\/\/lifelinepregnancycenter.org\/wp-content\/uploads\/2023\/02\/31053b-598x156-black-png-300x78.png"},{"@type":"BreadcrumbList","@id":"https:\/\/lifelinepregnancycenter.org\/es\/apoyenos\/#breadcrumb","itemListElement":[{"@type":"ListItem","position":1,"name":"Home","item":"https:\/\/lifelinepregnancycenter.org\/es\/"},{"@type":"ListItem","position":2,"name":"Ap\u00f3yenos"}]},{"@type":"WebSite","@id":"https:\/\/lifelinepregnancycenter.org\/es\/#website","url":"https:\/\/lifelinepregnancycenter.org\/es\/","name":"Line Pregnancy Center","description":"","publisher":{"@id":"https:\/\/lifelinepregnancycenter.org\/es\/#organization"},"potentialAction":[{"@type":"SearchAction","target":{"@type":"EntryPoint","urlTemplate":"https:\/\/lifelinepregnancycenter.org\/es\/?s={search_term_string}"},"query-input":{"@type":"PropertyValueSpecification","valueRequired":true,"valueName":"search_term_string"}}],"inLanguage":"es"},{"@type":"Organization","@id":"https:\/\/lifelinepregnancycenter.org\/es\/#organization","name":"Line Pregnancy Center","url":"https:\/\/lifelinepregnancycenter.org\/es\/","logo":{"@type":"ImageObject","inLanguage":"es","@id":"https:\/\/lifelinepregnancycenter.org\/es\/#\/schema\/logo\/image\/","url":"https:\/\/lifelinepregnancycenter.org\/wp-content\/uploads\/2022\/11\/logo-1-e1674192508433.png","contentUrl":"https:\/\/lifelinepregnancycenter.org\/wp-content\/uploads\/2022\/11\/logo-1-e1674192508433.png","width":300,"height":47,"caption":"Line Pregnancy Center"},"image":{"@id":"https:\/\/lifelinepregnancycenter.org\/es\/#\/schema\/logo\/image\/"}}]}},"_links":{"self":[{"href":"https:\/\/lifelinepregnancycenter.org\/es\/wp-json\/wp\/v2\/pages\/665","targetHints":{"allow":["GET"]}}],"collection":[{"href":"https:\/\/lifelinepregnancycenter.org\/es\/wp-json\/wp\/v2\/pages"}],"about":[{"href":"https:\/\/lifelinepregnancycenter.org\/es\/wp-json\/wp\/v2\/types\/page"}],"author":[{"embeddable":true,"href":"https:\/\/lifelinepregnancycenter.org\/es\/wp-json\/wp\/v2\/users\/1"}],"replies":[{"embeddable":true,"href":"https:\/\/lifelinepregnancycenter.org\/es\/wp-json\/wp\/v2\/comments?post=665"}],"version-history":[{"count":6,"href":"https:\/\/lifelinepregnancycenter.org\/es\/wp-json\/wp\/v2\/pages\/665\/revisions"}],"predecessor-version":[{"id":1204,"href":"https:\/\/lifelinepregnancycenter.org\/es\/wp-json\/wp\/v2\/pages\/665\/revisions\/1204"}],"wp:attachment":[{"href":"https:\/\/lifelinepregnancycenter.org\/es\/wp-json\/wp\/v2\/media?parent=665"}],"curies":[{"name":"wp","href":"https:\/\/api.w.org\/{rel}","templated":true}]}}