{"id":676,"date":"2021-05-27T06:32:41","date_gmt":"2021-05-27T13:32:41","guid":{"rendered":"https:\/\/lifelinepregnancycenter.org\/adopcion\/"},"modified":"2023-01-20T05:08:09","modified_gmt":"2023-01-20T05:08:09","slug":"adopcion","status":"publish","type":"page","link":"https:\/\/lifelinepregnancycenter.org\/es\/opciones\/adopcion\/","title":{"rendered":"Adopci\u00f3n"},"content":{"rendered":"\n<h2 class=\"wp-block-heading\">\u00bfEst\u00e1 pensando en la adopci\u00f3n?<\/h2>\n\n<p>Para algunos padres, la adopci\u00f3n puede ser una soluci\u00f3n a un embarazo no deseado. La adopci\u00f3n puede ser una gran alternativa a la crianza de un ni\u00f1o, ya que tal vez no te sientas preparado para criarlo. Puede ser el<strong> <\/strong>la mejor y m\u00e1s amorosa elecci\u00f3n.<\/p>\n\n<p>Sus opciones son el aborto, la adopci\u00f3n y la paternidad. La adopci\u00f3n puede ser la opci\u00f3n correcta si est\u00e1s pensando&#8230;<\/p>\n\n<ul class=\"wp-block-list\"><li>El aborto no es una opci\u00f3n, pero no est\u00e1s preparada para ser madre  <\/li><li>Su relaci\u00f3n y situaci\u00f3n de vida actuales no son saludables para criar a un ni\u00f1o<\/li><li>Quieres proporcionar un entorno financiera y emocionalmente estable<\/li><li>Ve la importancia de una familia biparental que pueda dedicarse a su hijo<\/li><\/ul>\n<h2 class=\"wp-block-heading\">Los tipos de adopci\u00f3n<\/h2>\n\n<p>A la hora de considerar la adopci\u00f3n, hay un amplio espectro de adopciones disponibles, incluyendo la adopci\u00f3n abierta, semiabierta o cerrada. La decisi\u00f3n del embarazo es una de las m\u00e1s importantes que tendr\u00e1s que tomar. Puedes elegir la familia adoptiva que consideres que se ajusta a todas las esperanzas que tienes para tu beb\u00e9.<\/p>\n\n<p>Las adopciones abiertas tambi\u00e9n son cada vez m\u00e1s frecuentes. Es importante recordar que cada plan de adopci\u00f3n es diferente.<\/p>\n\n<p>Inf\u00f3rmese sobre los procedimientos y las leyes de adopci\u00f3n en una de las diversas agencias de adopci\u00f3n a las que podemos remitirle. Algunas agencias incluso ofrecen alojamiento durante el proceso de adopci\u00f3n.<\/p>\n\n<h2 class=\"wp-block-heading\">C\u00f3mo tomar la decisi\u00f3n<\/h2>\n\n<p>Solo t\u00fa puedes decidir si la adopci\u00f3n es la decisi\u00f3n correcta para ti. Podemos ayudar a navegar por el proceso con usted. Queremos que tomes una decisi\u00f3n segura, por lo que te pondremos en contacto con valiosos recursos y apoyo.<\/p>\n\n<h2 class=\"wp-block-heading\">Agencias de adopci\u00f3n locales<\/h2>\n\n<p><strong>Conexiones Familiares Adopciones Cristianas<\/strong><\/p>\n\n<p>(805) 542-9084<\/p>\n\n<p><a target=\"_blank\" href=\"https:\/\/www.fcadoptions.org\/\" rel=\"noreferrer noopener\">VISITAR EL SITIO<\/a><\/p>\n\n<p><strong>Casa de Ruth<\/strong><\/p>\n\n<p>(805) 481-3183<\/p>\n\n<p><a target=\"_blank\" href=\"https:\/\/www.yelp.com\/biz\/adoption-services-house-of-ruth-arroyo-grande\" rel=\"noreferrer noopener\">VISITAR EL SITIO<\/a><\/p>\n\n<p><strong>Adopci\u00f3n moderna<\/strong><\/p>\n\n<p>(800) 778-8616<\/p>\n\n<p><a target=\"_blank\" href=\"https:\/\/modernadoption.org\/\" rel=\"noreferrer noopener\">VISITAR EL SITIO<\/a><\/p>\n\n<p>Estas son s\u00f3lo algunas de las agencias con las que trabajamos. La mayor\u00eda tiene un consejero de adopci\u00f3n local que puede reunirse con usted. P\u00f3ngase en contacto con nosotros para saber c\u00f3mo iniciar la adopci\u00f3n o simplemente para obtener m\u00e1s informaci\u00f3n.<\/p>\n","protected":false},"excerpt":{"rendered":"<p>Para algunas personas, la adopci\u00f3n puede ser una soluci\u00f3n a un embarazo no deseado. La adopci\u00f3n puede ser una gran alternativa a la crianza de un ni\u00f1o para el que quiz\u00e1 no se sienta preparado. En muchos casos, puede ser la mejor opci\u00f3n y la m\u00e1s amorosa.<\/p>\n","protected":false},"author":1,"featured_media":921,"parent":679,"menu_order":0,"comment_status":"closed","ping_status":"closed","template":"","meta":{"_acf_changed":false,"footnotes":"","_links_to":"","_links_to_target":""},"class_list":["post-676","page","type-page","status-publish","has-post-thumbnail","hentry"],"acf":[],"yoast_head":"<!-- This site is optimized with the Yoast SEO plugin v27.4 - https:\/\/yoast.com\/product\/yoast-seo-wordpress\/ -->\n<title>Adopci\u00f3n - Line Pregnancy Center<\/title>\n<meta name=\"description\" content=\"Read more about Adopci\u00f3n in this page. LifeLine Pregnancy Center offers free pregnancy services in Grover Beach, CA.\" \/>\n<meta name=\"robots\" content=\"index, follow, max-snippet:-1, max-image-preview:large, max-video-preview:-1\" \/>\n<link rel=\"canonical\" href=\"https:\/\/lifelinepregnancycenter.org\/es\/opciones\/adopcion\/\" \/>\n<meta property=\"og:locale\" content=\"es_ES\" \/>\n<meta property=\"og:type\" content=\"article\" \/>\n<meta property=\"og:title\" content=\"Adopci\u00f3n - Line Pregnancy Center\" \/>\n<meta property=\"og:description\" content=\"Read more about Adopci\u00f3n in this page. LifeLine Pregnancy Center offers free pregnancy services in Grover Beach, CA.\" \/>\n<meta property=\"og:url\" content=\"https:\/\/lifelinepregnancycenter.org\/es\/opciones\/adopcion\/\" \/>\n<meta property=\"og:site_name\" content=\"Line Pregnancy Center\" \/>\n<meta property=\"article:modified_time\" content=\"2023-01-20T05:08:09+00:00\" \/>\n<meta property=\"og:image\" content=\"https:\/\/lifelinepregnancycenter.org\/wp-content\/uploads\/2022\/12\/adoption-e1670395636374.jpg\" \/>\n\t<meta property=\"og:image:width\" content=\"832\" \/>\n\t<meta property=\"og:image:height\" content=\"1182\" \/>\n\t<meta property=\"og:image:type\" content=\"image\/jpeg\" \/>\n<meta name=\"twitter:card\" content=\"summary_large_image\" \/>\n<meta name=\"twitter:label1\" content=\"Tiempo de lectura\" \/>\n\t<meta name=\"twitter:data1\" content=\"2 minutos\" \/>\n<!-- \/ Yoast SEO plugin. -->","yoast_head_json":{"title":"Adopci\u00f3n - Line Pregnancy Center","description":"Read more about Adopci\u00f3n in this page. LifeLine Pregnancy Center offers free pregnancy services in Grover Beach, CA.","robots":{"index":"index","follow":"follow","max-snippet":"max-snippet:-1","max-image-preview":"max-image-preview:large","max-video-preview":"max-video-preview:-1"},"canonical":"https:\/\/lifelinepregnancycenter.org\/es\/opciones\/adopcion\/","og_locale":"es_ES","og_type":"article","og_title":"Adopci\u00f3n - Line Pregnancy Center","og_description":"Read more about Adopci\u00f3n in this page. LifeLine Pregnancy Center offers free pregnancy services in Grover Beach, CA.","og_url":"https:\/\/lifelinepregnancycenter.org\/es\/opciones\/adopcion\/","og_site_name":"Line Pregnancy Center","article_modified_time":"2023-01-20T05:08:09+00:00","og_image":[{"width":832,"height":1182,"url":"https:\/\/lifelinepregnancycenter.org\/wp-content\/uploads\/2022\/12\/adoption-e1670395636374.jpg","type":"image\/jpeg"}],"twitter_card":"summary_large_image","twitter_misc":{"Tiempo de lectura":"2 minutos"},"schema":{"@context":"https:\/\/schema.org","@graph":[{"@type":"WebPage","@id":"https:\/\/lifelinepregnancycenter.org\/es\/opciones\/adopcion\/","url":"https:\/\/lifelinepregnancycenter.org\/es\/opciones\/adopcion\/","name":"Adopci\u00f3n - Line Pregnancy Center","isPartOf":{"@id":"https:\/\/lifelinepregnancycenter.org\/es\/#website"},"primaryImageOfPage":{"@id":"https:\/\/lifelinepregnancycenter.org\/es\/opciones\/adopcion\/#primaryimage"},"image":{"@id":"https:\/\/lifelinepregnancycenter.org\/es\/opciones\/adopcion\/#primaryimage"},"thumbnailUrl":"https:\/\/lifelinepregnancycenter.org\/wp-content\/uploads\/2022\/12\/adoption-e1670395636374.jpg","datePublished":"2021-05-27T13:32:41+00:00","dateModified":"2023-01-20T05:08:09+00:00","description":"Read more about Adopci\u00f3n in this page. LifeLine Pregnancy Center offers free pregnancy services in Grover Beach, CA.","breadcrumb":{"@id":"https:\/\/lifelinepregnancycenter.org\/es\/opciones\/adopcion\/#breadcrumb"},"inLanguage":"es","potentialAction":[{"@type":"ReadAction","target":["https:\/\/lifelinepregnancycenter.org\/es\/opciones\/adopcion\/"]}]},{"@type":"ImageObject","inLanguage":"es","@id":"https:\/\/lifelinepregnancycenter.org\/es\/opciones\/adopcion\/#primaryimage","url":"https:\/\/lifelinepregnancycenter.org\/wp-content\/uploads\/2022\/12\/adoption-e1670395636374.jpg","contentUrl":"https:\/\/lifelinepregnancycenter.org\/wp-content\/uploads\/2022\/12\/adoption-e1670395636374.jpg","width":832,"height":1182,"caption":"Parenting"},{"@type":"BreadcrumbList","@id":"https:\/\/lifelinepregnancycenter.org\/es\/opciones\/adopcion\/#breadcrumb","itemListElement":[{"@type":"ListItem","position":1,"name":"Home","item":"https:\/\/lifelinepregnancycenter.org\/es\/"},{"@type":"ListItem","position":2,"name":"Opciones","item":"https:\/\/lifelinepregnancycenter.org\/es\/opciones\/"},{"@type":"ListItem","position":3,"name":"Adopci\u00f3n"}]},{"@type":"WebSite","@id":"https:\/\/lifelinepregnancycenter.org\/es\/#website","url":"https:\/\/lifelinepregnancycenter.org\/es\/","name":"Line Pregnancy Center","description":"","publisher":{"@id":"https:\/\/lifelinepregnancycenter.org\/es\/#organization"},"potentialAction":[{"@type":"SearchAction","target":{"@type":"EntryPoint","urlTemplate":"https:\/\/lifelinepregnancycenter.org\/es\/?s={search_term_string}"},"query-input":{"@type":"PropertyValueSpecification","valueRequired":true,"valueName":"search_term_string"}}],"inLanguage":"es"},{"@type":"Organization","@id":"https:\/\/lifelinepregnancycenter.org\/es\/#organization","name":"Line Pregnancy Center","url":"https:\/\/lifelinepregnancycenter.org\/es\/","logo":{"@type":"ImageObject","inLanguage":"es","@id":"https:\/\/lifelinepregnancycenter.org\/es\/#\/schema\/logo\/image\/","url":"https:\/\/lifelinepregnancycenter.org\/wp-content\/uploads\/2022\/11\/logo-1-e1674192508433.png","contentUrl":"https:\/\/lifelinepregnancycenter.org\/wp-content\/uploads\/2022\/11\/logo-1-e1674192508433.png","width":300,"height":47,"caption":"Line Pregnancy Center"},"image":{"@id":"https:\/\/lifelinepregnancycenter.org\/es\/#\/schema\/logo\/image\/"}}]}},"_links":{"self":[{"href":"https:\/\/lifelinepregnancycenter.org\/es\/wp-json\/wp\/v2\/pages\/676","targetHints":{"allow":["GET"]}}],"collection":[{"href":"https:\/\/lifelinepregnancycenter.org\/es\/wp-json\/wp\/v2\/pages"}],"about":[{"href":"https:\/\/lifelinepregnancycenter.org\/es\/wp-json\/wp\/v2\/types\/page"}],"author":[{"embeddable":true,"href":"https:\/\/lifelinepregnancycenter.org\/es\/wp-json\/wp\/v2\/users\/1"}],"replies":[{"embeddable":true,"href":"https:\/\/lifelinepregnancycenter.org\/es\/wp-json\/wp\/v2\/comments?post=676"}],"version-history":[{"count":0,"href":"https:\/\/lifelinepregnancycenter.org\/es\/wp-json\/wp\/v2\/pages\/676\/revisions"}],"up":[{"embeddable":true,"href":"https:\/\/lifelinepregnancycenter.org\/es\/wp-json\/wp\/v2\/pages\/679"}],"wp:featuredmedia":[{"embeddable":true,"href":"https:\/\/lifelinepregnancycenter.org\/es\/wp-json\/wp\/v2\/media\/921"}],"wp:attachment":[{"href":"https:\/\/lifelinepregnancycenter.org\/es\/wp-json\/wp\/v2\/media?parent=676"}],"curies":[{"name":"wp","href":"https:\/\/api.w.org\/{rel}","templated":true}]}}