{"id":678,"date":"2021-05-27T06:34:27","date_gmt":"2021-05-27T13:34:27","guid":{"rendered":"https:\/\/lifelinepregnancycenter.org\/crianza-de-los-hijos\/"},"modified":"2023-07-12T09:09:55","modified_gmt":"2023-07-12T16:09:55","slug":"crianza-de-los-hijos","status":"publish","type":"page","link":"https:\/\/lifelinepregnancycenter.org\/es\/opciones\/crianza-de-los-hijos\/","title":{"rendered":"Crianza de los hijos"},"content":{"rendered":"\n<p>Nunca pensaste que estar\u00edas aqu\u00ed ahora. Es lo que haces ahora lo que escribe tu historia. Aunque la crianza de los hijos pueda parecer intocable, puede que seas m\u00e1s fuerte de lo que crees. Estamos aqu\u00ed para apoyarle en su decisi\u00f3n.<\/p>\n\n<p>Ser madre o padre primerizo es un reto, pero tambi\u00e9n conlleva grandes recompensas. Esto es lo que querr\u00e1s saber si est\u00e1s pensando en ser padre. <\/p>\n\n<h2 class=\"wp-block-heading\">\u00bfEst\u00e1 preparado para ser padre?<\/h2>\n\n<p>Ning\u00fan hombre o mujer se siente del todo preparado para ser padre o madre, independientemente de la etapa de la vida en la que se encuentre. Puede ser una mezcla de alegr\u00eda, ansiedad, confusi\u00f3n, amor y estar llena de sorpresas. Puede que incluso seas padre o madre soltera y te preguntes si realmente puedes hacerlo sola.  <\/p>\n\n<p>Decidir ser padre no es una decisi\u00f3n f\u00e1cil y conlleva una gran responsabilidad. T\u00f3mate un breve momento para pensar en esta opci\u00f3n y en si est\u00e1s preparado para ser padre. Hay muchos recursos y apoyos para la crianza de los hijos si decides seguir este camino.<\/p>\n\n<h2 class=\"wp-block-heading\">Las preguntas dif\u00edciles<\/h2>\n\n<p>Es posible que sigas cuestionando tu capacidad para ser padre, y eso es normal. Si decides decir s\u00ed al viaje de la paternidad, no est\u00e1s solo. Puede que se pregunte:<\/p>\n\n<ul class=\"wp-block-list\">\n<li>\u00bfC\u00f3mo voy a trabajar y cuidar de un beb\u00e9?<\/li>\n\n\n\n<li>\u00bfC\u00f3mo puedo apoyar a mi hijo econ\u00f3micamente?<\/li>\n\n\n\n<li>\u00bfQu\u00e9 recursos tengo a mi disposici\u00f3n?  <\/li>\n\n\n\n<li>\u00bfMe apoyar\u00e1n mis padres\/amigos?<\/li>\n<\/ul>\n\n<p>Podemos ayudarle a resolver todas estas preguntas, preocupaciones y mucho m\u00e1s. No est\u00e1s sola en tu viaje por el embarazo.<\/p>\n\n<h2 class=\"wp-block-heading\">Estamos aqu\u00ed para usted<\/h2>\n\n<p>Si necesita apoyo en la crianza de los hijos, nuestro equipo de LifeLine est\u00e1 aqu\u00ed para escuchar sus preocupaciones y necesidades. Desde los recursos y la educaci\u00f3n, podemos ayudarte en el proceso de iniciar este nuevo viaje.<\/p>\n\n<p>Nuestro personal tambi\u00e9n est\u00e1 aqu\u00ed si necesita verificar su embarazo con una prueba de embarazo y una ecograf\u00eda. Todos nuestros servicios son gratuitos y confidenciales.  <\/p>\n\n<p>Concierte <a href=\"https:\/\/lifelinepregnancycenter.org\/es\/contacto\/\">una cita<\/a> para hablar de ello hoy mismo.<\/p>\n","protected":false},"excerpt":{"rendered":"<p>Ser madre o padre primerizos puede ser un reto, pero tambi\u00e9n conlleva grandes recompensas. He aqu\u00ed algunas cosas que querr\u00e1s saber si est\u00e1s pensando en ser padre.  <\/p>\n","protected":false},"author":1,"featured_media":923,"parent":679,"menu_order":0,"comment_status":"closed","ping_status":"closed","template":"","meta":{"_acf_changed":false,"footnotes":"","_links_to":"","_links_to_target":""},"class_list":["post-678","page","type-page","status-publish","has-post-thumbnail","hentry"],"acf":[],"yoast_head":"<!-- This site is optimized with the Yoast SEO plugin v27.3 - https:\/\/yoast.com\/product\/yoast-seo-wordpress\/ -->\n<title>Crianza de los hijos - Line Pregnancy Center<\/title>\n<meta name=\"description\" content=\"Read more about Crianza de los hijos in this page. LifeLine Pregnancy Center offers free pregnancy services in Grover Beach, CA.\" \/>\n<meta name=\"robots\" content=\"index, follow, max-snippet:-1, max-image-preview:large, max-video-preview:-1\" \/>\n<link rel=\"canonical\" href=\"https:\/\/lifelinepregnancycenter.org\/es\/opciones\/crianza-de-los-hijos\/\" \/>\n<meta property=\"og:locale\" content=\"es_ES\" \/>\n<meta property=\"og:type\" content=\"article\" \/>\n<meta property=\"og:title\" content=\"Crianza de los hijos - Line Pregnancy Center\" \/>\n<meta property=\"og:description\" content=\"Read more about Crianza de los hijos in this page. LifeLine Pregnancy Center offers free pregnancy services in Grover Beach, CA.\" \/>\n<meta property=\"og:url\" content=\"https:\/\/lifelinepregnancycenter.org\/es\/opciones\/crianza-de-los-hijos\/\" \/>\n<meta property=\"og:site_name\" content=\"Line Pregnancy Center\" \/>\n<meta property=\"article:modified_time\" content=\"2023-07-12T16:09:55+00:00\" \/>\n<meta property=\"og:image\" content=\"https:\/\/lifelinepregnancycenter.org\/wp-content\/uploads\/2022\/12\/parenting-e1670395773995.jpg\" \/>\n\t<meta property=\"og:image:width\" content=\"1204\" \/>\n\t<meta property=\"og:image:height\" content=\"1298\" \/>\n\t<meta property=\"og:image:type\" content=\"image\/jpeg\" \/>\n<meta name=\"twitter:card\" content=\"summary_large_image\" \/>\n<meta name=\"twitter:label1\" content=\"Tiempo de lectura\" \/>\n\t<meta name=\"twitter:data1\" content=\"2 minutos\" \/>\n<!-- \/ Yoast SEO plugin. -->","yoast_head_json":{"title":"Crianza de los hijos - Line Pregnancy Center","description":"Read more about Crianza de los hijos in this page. LifeLine Pregnancy Center offers free pregnancy services in Grover Beach, CA.","robots":{"index":"index","follow":"follow","max-snippet":"max-snippet:-1","max-image-preview":"max-image-preview:large","max-video-preview":"max-video-preview:-1"},"canonical":"https:\/\/lifelinepregnancycenter.org\/es\/opciones\/crianza-de-los-hijos\/","og_locale":"es_ES","og_type":"article","og_title":"Crianza de los hijos - Line Pregnancy Center","og_description":"Read more about Crianza de los hijos in this page. LifeLine Pregnancy Center offers free pregnancy services in Grover Beach, CA.","og_url":"https:\/\/lifelinepregnancycenter.org\/es\/opciones\/crianza-de-los-hijos\/","og_site_name":"Line Pregnancy Center","article_modified_time":"2023-07-12T16:09:55+00:00","og_image":[{"width":1204,"height":1298,"url":"https:\/\/lifelinepregnancycenter.org\/wp-content\/uploads\/2022\/12\/parenting-e1670395773995.jpg","type":"image\/jpeg"}],"twitter_card":"summary_large_image","twitter_misc":{"Tiempo de lectura":"2 minutos"},"schema":{"@context":"https:\/\/schema.org","@graph":[{"@type":"WebPage","@id":"https:\/\/lifelinepregnancycenter.org\/es\/opciones\/crianza-de-los-hijos\/","url":"https:\/\/lifelinepregnancycenter.org\/es\/opciones\/crianza-de-los-hijos\/","name":"Crianza de los hijos - Line Pregnancy Center","isPartOf":{"@id":"https:\/\/lifelinepregnancycenter.org\/es\/#website"},"primaryImageOfPage":{"@id":"https:\/\/lifelinepregnancycenter.org\/es\/opciones\/crianza-de-los-hijos\/#primaryimage"},"image":{"@id":"https:\/\/lifelinepregnancycenter.org\/es\/opciones\/crianza-de-los-hijos\/#primaryimage"},"thumbnailUrl":"https:\/\/lifelinepregnancycenter.org\/wp-content\/uploads\/2022\/12\/parenting-e1670395773995.jpg","datePublished":"2021-05-27T13:34:27+00:00","dateModified":"2023-07-12T16:09:55+00:00","description":"Read more about Crianza de los hijos in this page. LifeLine Pregnancy Center offers free pregnancy services in Grover Beach, CA.","breadcrumb":{"@id":"https:\/\/lifelinepregnancycenter.org\/es\/opciones\/crianza-de-los-hijos\/#breadcrumb"},"inLanguage":"es","potentialAction":[{"@type":"ReadAction","target":["https:\/\/lifelinepregnancycenter.org\/es\/opciones\/crianza-de-los-hijos\/"]}]},{"@type":"ImageObject","inLanguage":"es","@id":"https:\/\/lifelinepregnancycenter.org\/es\/opciones\/crianza-de-los-hijos\/#primaryimage","url":"https:\/\/lifelinepregnancycenter.org\/wp-content\/uploads\/2022\/12\/parenting-e1670395773995.jpg","contentUrl":"https:\/\/lifelinepregnancycenter.org\/wp-content\/uploads\/2022\/12\/parenting-e1670395773995.jpg","width":1204,"height":1298},{"@type":"BreadcrumbList","@id":"https:\/\/lifelinepregnancycenter.org\/es\/opciones\/crianza-de-los-hijos\/#breadcrumb","itemListElement":[{"@type":"ListItem","position":1,"name":"Home","item":"https:\/\/lifelinepregnancycenter.org\/es\/"},{"@type":"ListItem","position":2,"name":"Opciones","item":"https:\/\/lifelinepregnancycenter.org\/es\/opciones\/"},{"@type":"ListItem","position":3,"name":"Crianza de los hijos"}]},{"@type":"WebSite","@id":"https:\/\/lifelinepregnancycenter.org\/es\/#website","url":"https:\/\/lifelinepregnancycenter.org\/es\/","name":"Line Pregnancy Center","description":"","publisher":{"@id":"https:\/\/lifelinepregnancycenter.org\/es\/#organization"},"potentialAction":[{"@type":"SearchAction","target":{"@type":"EntryPoint","urlTemplate":"https:\/\/lifelinepregnancycenter.org\/es\/?s={search_term_string}"},"query-input":{"@type":"PropertyValueSpecification","valueRequired":true,"valueName":"search_term_string"}}],"inLanguage":"es"},{"@type":"Organization","@id":"https:\/\/lifelinepregnancycenter.org\/es\/#organization","name":"Line Pregnancy Center","url":"https:\/\/lifelinepregnancycenter.org\/es\/","logo":{"@type":"ImageObject","inLanguage":"es","@id":"https:\/\/lifelinepregnancycenter.org\/es\/#\/schema\/logo\/image\/","url":"https:\/\/lifelinepregnancycenter.org\/wp-content\/uploads\/2022\/11\/logo-1-e1674192508433.png","contentUrl":"https:\/\/lifelinepregnancycenter.org\/wp-content\/uploads\/2022\/11\/logo-1-e1674192508433.png","width":300,"height":47,"caption":"Line Pregnancy Center"},"image":{"@id":"https:\/\/lifelinepregnancycenter.org\/es\/#\/schema\/logo\/image\/"}}]}},"_links":{"self":[{"href":"https:\/\/lifelinepregnancycenter.org\/es\/wp-json\/wp\/v2\/pages\/678","targetHints":{"allow":["GET"]}}],"collection":[{"href":"https:\/\/lifelinepregnancycenter.org\/es\/wp-json\/wp\/v2\/pages"}],"about":[{"href":"https:\/\/lifelinepregnancycenter.org\/es\/wp-json\/wp\/v2\/types\/page"}],"author":[{"embeddable":true,"href":"https:\/\/lifelinepregnancycenter.org\/es\/wp-json\/wp\/v2\/users\/1"}],"replies":[{"embeddable":true,"href":"https:\/\/lifelinepregnancycenter.org\/es\/wp-json\/wp\/v2\/comments?post=678"}],"version-history":[{"count":4,"href":"https:\/\/lifelinepregnancycenter.org\/es\/wp-json\/wp\/v2\/pages\/678\/revisions"}],"predecessor-version":[{"id":1136,"href":"https:\/\/lifelinepregnancycenter.org\/es\/wp-json\/wp\/v2\/pages\/678\/revisions\/1136"}],"up":[{"embeddable":true,"href":"https:\/\/lifelinepregnancycenter.org\/es\/wp-json\/wp\/v2\/pages\/679"}],"wp:featuredmedia":[{"embeddable":true,"href":"https:\/\/lifelinepregnancycenter.org\/es\/wp-json\/wp\/v2\/media\/923"}],"wp:attachment":[{"href":"https:\/\/lifelinepregnancycenter.org\/es\/wp-json\/wp\/v2\/media?parent=678"}],"curies":[{"name":"wp","href":"https:\/\/api.w.org\/{rel}","templated":true}]}}