{"id":680,"date":"2022-11-16T10:16:12","date_gmt":"2022-11-16T10:16:12","guid":{"rendered":"https:\/\/lifelinepregnancycenter.org\/apoyo-post-aborto\/"},"modified":"2023-07-12T09:09:54","modified_gmt":"2023-07-12T16:09:54","slug":"apoyo-post-aborto","status":"publish","type":"page","link":"https:\/\/lifelinepregnancycenter.org\/es\/apoyo-post-aborto\/","title":{"rendered":"Apoyo post-aborto"},"content":{"rendered":"\n<p>\u00bfTienes problemas despu\u00e9s de haber abortado un mes o incluso a\u00f1os despu\u00e9s? Aunque la experiencia de cada mujer despu\u00e9s de su aborto es \u00fanica, hay efectos comunes y duraderos despu\u00e9s del aborto. Puede hacer que la vida sea dif\u00edcil de mantener y encontrar la paz.<br\/><br\/>Buscar apoyo profesional es importante para iniciar el camino de la curaci\u00f3n. Te mereces la alegr\u00eda; te mereces volver a encontrar la paz.<\/p>\n\n<h2 class=\"wp-block-heading\">Trauma post-aborto <\/h2>\n\n<p>Seg\u00fan U.S. News &amp; World Report, si se mantienen las tendencias actuales, el 43% de las mujeres estadounidenses tendr\u00e1n al menos un aborto en su vida. Desde la legalizaci\u00f3n del aborto en 1973, se han realizado m\u00e1s de sesenta y un millones de abortos s\u00f3lo en Estados Unidos, con un mill\u00f3n y medio de abortos realizados cada a\u00f1o, seg\u00fan las estad\u00edsticas del Centro de Control de Enfermedades de Atlanta, Georgia.<\/p>\n\n<p>  Si has tenido un aborto y est\u00e1s dolida, tus sentimientos son normales. El trauma post-aborto es una reacci\u00f3n emocional adversa al aborto. Suele ser una reacci\u00f3n retardada y puede aparecer en cualquier momento de la vida de una persona y, cuando lo hace, puede ser confuso, doloroso y abrumador.<\/p>\n\n<h2 class=\"wp-block-heading\">\u00bfSe siente identificado con alguna de las siguientes situaciones?<\/h2>\n\n<ul class=\"wp-block-list\"><li><em>Culpa\/Verg\u00fcenza Depresi\u00f3n\/Desesperaci\u00f3n<\/em><\/li><li><em>Llanto frecuente C\u00f3lera\/Enfado<\/em><\/li><li><em>Pesadillas de impulsos suicidas<\/em><\/li><li><em>Aumento de la promiscuidad Abuso de drogas\/alcohol<\/em><\/li><li><em>Odio a s\u00ed mismo Anorexia\/trastorno alimentario<\/em><\/li><li><em>Deseo intenso de volver a quedar embarazada<\/em><\/li><li><em>Dificultad para establecer un v\u00ednculo con sus hijos<\/em><\/li><\/ul>\n<h2 class=\"wp-block-heading\">No est\u00e1s solo<\/h2>\n\n<p>Es f\u00e1cil sentir que est\u00e1s sola mientras navegas por la pesadez y las dificultades que surgen despu\u00e9s del aborto. Muchos hombres y mujeres han estado justo donde t\u00fa est\u00e1s. Hay esperanza.  <\/p>\n\n<p>Es posible superarlo y volver a sentir la alegr\u00eda de vivir. Nuestro equipo de atenci\u00f3n en el Centro de Embarazo Lifeline est\u00e1 aqu\u00ed para ayudar. Si se siente confundido y abrumado, queremos ayudarle.  <\/p>\n\n<p><a href=\"https:\/\/lifelinepregnancycenter.org\/es\/contacto\/\">Ponte en contacto con nosotros<\/a> si quieres hablar con alguien que te entienda y est\u00e9 dispuesto a escucharte.<\/p>\n","protected":false},"excerpt":{"rendered":"<p>Aunque la experiencia de cada mujer despu\u00e9s de su aborto es \u00fanica, hay efectos comunes y duraderos despu\u00e9s del aborto. Puede hacer que la vida sea dif\u00edcil de mantener y encontrar la paz. Buscar apoyo profesional es importante para iniciar el camino de la curaci\u00f3n. <\/p>\n","protected":false},"author":1,"featured_media":0,"parent":0,"menu_order":0,"comment_status":"closed","ping_status":"closed","template":"","meta":{"_acf_changed":false,"footnotes":"","_links_to":"","_links_to_target":""},"class_list":["post-680","page","type-page","status-publish","hentry"],"acf":[],"yoast_head":"<!-- This site is optimized with the Yoast SEO plugin v27.4 - https:\/\/yoast.com\/product\/yoast-seo-wordpress\/ -->\n<title>Apoyo post-aborto - Line Pregnancy Center<\/title>\n<meta name=\"description\" content=\"Read more about Apoyo post-aborto in this page. LifeLine Pregnancy Center offers free pregnancy services in Grover Beach, CA.\" \/>\n<meta name=\"robots\" content=\"index, follow, max-snippet:-1, max-image-preview:large, max-video-preview:-1\" \/>\n<link rel=\"canonical\" href=\"https:\/\/lifelinepregnancycenter.org\/es\/apoyo-post-aborto\/\" \/>\n<meta property=\"og:locale\" content=\"es_ES\" \/>\n<meta property=\"og:type\" content=\"article\" \/>\n<meta property=\"og:title\" content=\"Apoyo post-aborto - Line Pregnancy Center\" \/>\n<meta property=\"og:description\" content=\"Read more about Apoyo post-aborto in this page. LifeLine Pregnancy Center offers free pregnancy services in Grover Beach, CA.\" \/>\n<meta property=\"og:url\" content=\"https:\/\/lifelinepregnancycenter.org\/es\/apoyo-post-aborto\/\" \/>\n<meta property=\"og:site_name\" content=\"Line Pregnancy Center\" \/>\n<meta property=\"article:modified_time\" content=\"2023-07-12T16:09:54+00:00\" \/>\n<meta name=\"twitter:card\" content=\"summary_large_image\" \/>\n<meta name=\"twitter:label1\" content=\"Tiempo de lectura\" \/>\n\t<meta name=\"twitter:data1\" content=\"2 minutos\" \/>\n<!-- \/ Yoast SEO plugin. -->","yoast_head_json":{"title":"Apoyo post-aborto - Line Pregnancy Center","description":"Read more about Apoyo post-aborto in this page. LifeLine Pregnancy Center offers free pregnancy services in Grover Beach, CA.","robots":{"index":"index","follow":"follow","max-snippet":"max-snippet:-1","max-image-preview":"max-image-preview:large","max-video-preview":"max-video-preview:-1"},"canonical":"https:\/\/lifelinepregnancycenter.org\/es\/apoyo-post-aborto\/","og_locale":"es_ES","og_type":"article","og_title":"Apoyo post-aborto - Line Pregnancy Center","og_description":"Read more about Apoyo post-aborto in this page. LifeLine Pregnancy Center offers free pregnancy services in Grover Beach, CA.","og_url":"https:\/\/lifelinepregnancycenter.org\/es\/apoyo-post-aborto\/","og_site_name":"Line Pregnancy Center","article_modified_time":"2023-07-12T16:09:54+00:00","twitter_card":"summary_large_image","twitter_misc":{"Tiempo de lectura":"2 minutos"},"schema":{"@context":"https:\/\/schema.org","@graph":[{"@type":"WebPage","@id":"https:\/\/lifelinepregnancycenter.org\/es\/apoyo-post-aborto\/","url":"https:\/\/lifelinepregnancycenter.org\/es\/apoyo-post-aborto\/","name":"Apoyo post-aborto - Line Pregnancy Center","isPartOf":{"@id":"https:\/\/lifelinepregnancycenter.org\/es\/#website"},"datePublished":"2022-11-16T10:16:12+00:00","dateModified":"2023-07-12T16:09:54+00:00","description":"Read more about Apoyo post-aborto in this page. LifeLine Pregnancy Center offers free pregnancy services in Grover Beach, CA.","breadcrumb":{"@id":"https:\/\/lifelinepregnancycenter.org\/es\/apoyo-post-aborto\/#breadcrumb"},"inLanguage":"es","potentialAction":[{"@type":"ReadAction","target":["https:\/\/lifelinepregnancycenter.org\/es\/apoyo-post-aborto\/"]}]},{"@type":"BreadcrumbList","@id":"https:\/\/lifelinepregnancycenter.org\/es\/apoyo-post-aborto\/#breadcrumb","itemListElement":[{"@type":"ListItem","position":1,"name":"Home","item":"https:\/\/lifelinepregnancycenter.org\/es\/"},{"@type":"ListItem","position":2,"name":"Apoyo post-aborto"}]},{"@type":"WebSite","@id":"https:\/\/lifelinepregnancycenter.org\/es\/#website","url":"https:\/\/lifelinepregnancycenter.org\/es\/","name":"Line Pregnancy Center","description":"","publisher":{"@id":"https:\/\/lifelinepregnancycenter.org\/es\/#organization"},"potentialAction":[{"@type":"SearchAction","target":{"@type":"EntryPoint","urlTemplate":"https:\/\/lifelinepregnancycenter.org\/es\/?s={search_term_string}"},"query-input":{"@type":"PropertyValueSpecification","valueRequired":true,"valueName":"search_term_string"}}],"inLanguage":"es"},{"@type":"Organization","@id":"https:\/\/lifelinepregnancycenter.org\/es\/#organization","name":"Line Pregnancy Center","url":"https:\/\/lifelinepregnancycenter.org\/es\/","logo":{"@type":"ImageObject","inLanguage":"es","@id":"https:\/\/lifelinepregnancycenter.org\/es\/#\/schema\/logo\/image\/","url":"https:\/\/lifelinepregnancycenter.org\/wp-content\/uploads\/2022\/11\/logo-1-e1674192508433.png","contentUrl":"https:\/\/lifelinepregnancycenter.org\/wp-content\/uploads\/2022\/11\/logo-1-e1674192508433.png","width":300,"height":47,"caption":"Line Pregnancy Center"},"image":{"@id":"https:\/\/lifelinepregnancycenter.org\/es\/#\/schema\/logo\/image\/"}}]}},"_links":{"self":[{"href":"https:\/\/lifelinepregnancycenter.org\/es\/wp-json\/wp\/v2\/pages\/680","targetHints":{"allow":["GET"]}}],"collection":[{"href":"https:\/\/lifelinepregnancycenter.org\/es\/wp-json\/wp\/v2\/pages"}],"about":[{"href":"https:\/\/lifelinepregnancycenter.org\/es\/wp-json\/wp\/v2\/types\/page"}],"author":[{"embeddable":true,"href":"https:\/\/lifelinepregnancycenter.org\/es\/wp-json\/wp\/v2\/users\/1"}],"replies":[{"embeddable":true,"href":"https:\/\/lifelinepregnancycenter.org\/es\/wp-json\/wp\/v2\/comments?post=680"}],"version-history":[{"count":1,"href":"https:\/\/lifelinepregnancycenter.org\/es\/wp-json\/wp\/v2\/pages\/680\/revisions"}],"predecessor-version":[{"id":1321,"href":"https:\/\/lifelinepregnancycenter.org\/es\/wp-json\/wp\/v2\/pages\/680\/revisions\/1321"}],"wp:attachment":[{"href":"https:\/\/lifelinepregnancycenter.org\/es\/wp-json\/wp\/v2\/media?parent=680"}],"curies":[{"name":"wp","href":"https:\/\/api.w.org\/{rel}","templated":true}]}}