{"id":685,"date":"2022-11-16T10:18:00","date_gmt":"2022-11-16T18:18:00","guid":{"rendered":"https:\/\/lifelinepregnancycenter.org\/donar\/"},"modified":"2024-12-04T03:47:45","modified_gmt":"2024-12-04T11:47:45","slug":"donar","status":"publish","type":"page","link":"https:\/\/lifelinepregnancycenter.org\/es\/donar\/","title":{"rendered":"Donar"},"content":{"rendered":"\n<h2 class=\"wp-block-heading\">Nuestra misi\u00f3n<\/h2>\n\n\n\n<p>Cada d\u00eda, hombres y mujeres de nuestra comunidad se enfrentan a la toma de decisiones sobre el embarazo. Nos reunimos con los clientes en medio de sus circunstancias y les hacemos saber que estamos aqu\u00ed para ayudarles.<\/p>\n\n\n\n<p>Muchas mujeres y hombres experimentan miedo ante un embarazo inesperado y pueden sentir que no tienen opciones. En el Centro de Embarazo LifeLine ofrecemos pruebas de embarazo gratuitas, ecograf\u00edas limitadas, apoyo a los padres y muchos recursos, como orientaci\u00f3n f\u00edsica, emocional y espiritual.<\/p>\n\n\n\n<p>El Centro de Embarazo LifeLine es una organizaci\u00f3n sin \u00e1nimo de lucro 501(c)(3) que lleva prestando servicios a la Comunidad de las Cinco Ciudades <strong>desde hace<\/strong>&nbsp;<strong>en<\/strong>&nbsp;<strong><em>30 a\u00f1os<\/em><\/strong>. Todas las donaciones son deducibles de impuestos y contribuyen en gran medida a apoyar nuestra misi\u00f3n. Nuestra organizaci\u00f3n est\u00e1 financiada \u00fanicamente por particulares, empresas, iglesias y recaudaciones de fondos. No recibimos ninguna financiaci\u00f3n gubernamental.<\/p>\n\n\n\n<p>Las donaciones son siempre muy apreciadas y permiten LifeLine Pregnancy Center para continuar la construcci\u00f3n de relaciones con las familias en todo el Cinco Ciudades de la Comunidad, la promoci\u00f3n de <strong>\n  <em>nuestra misi\u00f3n de ayudar de manera tangible, pr\u00e1ctica<\/em>\n<\/strong>.<\/p>\n\n\n\n<h2 class=\"wp-block-heading\">Apoyo financiero<\/h2>\n\n\n\n<p>Sus generosas contribuciones van un largo camino para ayudar a LifeLine Pregnancy Center servir a las familias a trav\u00e9s de la Comunidad de las Cinco Ciudades. Con su apoyo, nuestra misi\u00f3n de &#8220;ayudar de forma tangible y pr\u00e1ctica&#8221; puede continuar.<\/p>\n\n\n\n<div class=\"wp-block-buttons is-layout-flex wp-block-buttons-is-layout-flex\">\n<div class=\"wp-block-button\"><a class=\"wp-block-button__link wp-element-button\" href=\"https:\/\/tithe.ly\/give_new\/www\/#\/tithely\/give-one-time\/81752\" target=\"_blank\" rel=\"noreferrer noopener\">Apoye nuestra misi\u00f3n<\/a><\/div>\n<\/div>\n","protected":false},"excerpt":{"rendered":"<p>Nuestra misi\u00f3n Cada d\u00eda, hombres y mujeres de nuestra comunidad se enfrentan a la toma de decisiones sobre el embarazo. Nos reunimos con los clientes en medio de sus circunstancias y les hacemos saber que estamos aqu\u00ed para ayudarles. Muchas mujeres y hombres experimentan miedo ante un embarazo inesperado y pueden sentir que no tienen<\/p>\n","protected":false},"author":1,"featured_media":0,"parent":0,"menu_order":0,"comment_status":"closed","ping_status":"closed","template":"","meta":{"_acf_changed":false,"footnotes":"","_links_to":"","_links_to_target":""},"class_list":["post-685","page","type-page","status-publish","hentry"],"acf":[],"yoast_head":"<!-- This site is optimized with the Yoast SEO plugin v27.3 - https:\/\/yoast.com\/product\/yoast-seo-wordpress\/ -->\n<title>Donar - Line Pregnancy Center<\/title>\n<meta name=\"description\" content=\"Read more about Donar in this page. LifeLine Pregnancy Center offers free pregnancy services in Grover Beach, CA.\" \/>\n<meta name=\"robots\" content=\"index, follow, max-snippet:-1, max-image-preview:large, max-video-preview:-1\" \/>\n<link rel=\"canonical\" href=\"https:\/\/lifelinepregnancycenter.org\/es\/donar\/\" \/>\n<meta property=\"og:locale\" content=\"es_ES\" \/>\n<meta property=\"og:type\" content=\"article\" \/>\n<meta property=\"og:title\" content=\"Donar - Line Pregnancy Center\" \/>\n<meta property=\"og:description\" content=\"Read more about Donar in this page. LifeLine Pregnancy Center offers free pregnancy services in Grover Beach, CA.\" \/>\n<meta property=\"og:url\" content=\"https:\/\/lifelinepregnancycenter.org\/es\/donar\/\" \/>\n<meta property=\"og:site_name\" content=\"Line Pregnancy Center\" \/>\n<meta property=\"article:modified_time\" content=\"2024-12-04T11:47:45+00:00\" \/>\n<meta name=\"twitter:card\" content=\"summary_large_image\" \/>\n<meta name=\"twitter:label1\" content=\"Tiempo de lectura\" \/>\n\t<meta name=\"twitter:data1\" content=\"1 minuto\" \/>\n<!-- \/ Yoast SEO plugin. -->","yoast_head_json":{"title":"Donar - Line Pregnancy Center","description":"Read more about Donar in this page. LifeLine Pregnancy Center offers free pregnancy services in Grover Beach, CA.","robots":{"index":"index","follow":"follow","max-snippet":"max-snippet:-1","max-image-preview":"max-image-preview:large","max-video-preview":"max-video-preview:-1"},"canonical":"https:\/\/lifelinepregnancycenter.org\/es\/donar\/","og_locale":"es_ES","og_type":"article","og_title":"Donar - Line Pregnancy Center","og_description":"Read more about Donar in this page. LifeLine Pregnancy Center offers free pregnancy services in Grover Beach, CA.","og_url":"https:\/\/lifelinepregnancycenter.org\/es\/donar\/","og_site_name":"Line Pregnancy Center","article_modified_time":"2024-12-04T11:47:45+00:00","twitter_card":"summary_large_image","twitter_misc":{"Tiempo de lectura":"1 minuto"},"schema":{"@context":"https:\/\/schema.org","@graph":[{"@type":"WebPage","@id":"https:\/\/lifelinepregnancycenter.org\/es\/donar\/","url":"https:\/\/lifelinepregnancycenter.org\/es\/donar\/","name":"Donar - Line Pregnancy Center","isPartOf":{"@id":"https:\/\/lifelinepregnancycenter.org\/es\/#website"},"datePublished":"2022-11-16T18:18:00+00:00","dateModified":"2024-12-04T11:47:45+00:00","description":"Read more about Donar in this page. LifeLine Pregnancy Center offers free pregnancy services in Grover Beach, CA.","breadcrumb":{"@id":"https:\/\/lifelinepregnancycenter.org\/es\/donar\/#breadcrumb"},"inLanguage":"es","potentialAction":[{"@type":"ReadAction","target":["https:\/\/lifelinepregnancycenter.org\/es\/donar\/"]}]},{"@type":"BreadcrumbList","@id":"https:\/\/lifelinepregnancycenter.org\/es\/donar\/#breadcrumb","itemListElement":[{"@type":"ListItem","position":1,"name":"Home","item":"https:\/\/lifelinepregnancycenter.org\/es\/"},{"@type":"ListItem","position":2,"name":"Donar"}]},{"@type":"WebSite","@id":"https:\/\/lifelinepregnancycenter.org\/es\/#website","url":"https:\/\/lifelinepregnancycenter.org\/es\/","name":"Line Pregnancy Center","description":"","publisher":{"@id":"https:\/\/lifelinepregnancycenter.org\/es\/#organization"},"potentialAction":[{"@type":"SearchAction","target":{"@type":"EntryPoint","urlTemplate":"https:\/\/lifelinepregnancycenter.org\/es\/?s={search_term_string}"},"query-input":{"@type":"PropertyValueSpecification","valueRequired":true,"valueName":"search_term_string"}}],"inLanguage":"es"},{"@type":"Organization","@id":"https:\/\/lifelinepregnancycenter.org\/es\/#organization","name":"Line Pregnancy Center","url":"https:\/\/lifelinepregnancycenter.org\/es\/","logo":{"@type":"ImageObject","inLanguage":"es","@id":"https:\/\/lifelinepregnancycenter.org\/es\/#\/schema\/logo\/image\/","url":"https:\/\/lifelinepregnancycenter.org\/wp-content\/uploads\/2022\/11\/logo-1-e1674192508433.png","contentUrl":"https:\/\/lifelinepregnancycenter.org\/wp-content\/uploads\/2022\/11\/logo-1-e1674192508433.png","width":300,"height":47,"caption":"Line Pregnancy Center"},"image":{"@id":"https:\/\/lifelinepregnancycenter.org\/es\/#\/schema\/logo\/image\/"}}]}},"_links":{"self":[{"href":"https:\/\/lifelinepregnancycenter.org\/es\/wp-json\/wp\/v2\/pages\/685","targetHints":{"allow":["GET"]}}],"collection":[{"href":"https:\/\/lifelinepregnancycenter.org\/es\/wp-json\/wp\/v2\/pages"}],"about":[{"href":"https:\/\/lifelinepregnancycenter.org\/es\/wp-json\/wp\/v2\/types\/page"}],"author":[{"embeddable":true,"href":"https:\/\/lifelinepregnancycenter.org\/es\/wp-json\/wp\/v2\/users\/1"}],"replies":[{"embeddable":true,"href":"https:\/\/lifelinepregnancycenter.org\/es\/wp-json\/wp\/v2\/comments?post=685"}],"version-history":[{"count":5,"href":"https:\/\/lifelinepregnancycenter.org\/es\/wp-json\/wp\/v2\/pages\/685\/revisions"}],"predecessor-version":[{"id":1643,"href":"https:\/\/lifelinepregnancycenter.org\/es\/wp-json\/wp\/v2\/pages\/685\/revisions\/1643"}],"wp:attachment":[{"href":"https:\/\/lifelinepregnancycenter.org\/es\/wp-json\/wp\/v2\/media?parent=685"}],"curies":[{"name":"wp","href":"https:\/\/api.w.org\/{rel}","templated":true}]}}