{"id":688,"date":"2022-11-16T10:13:31","date_gmt":"2022-11-16T10:13:31","guid":{"rendered":"https:\/\/lifelinepregnancycenter.org\/apoyo-a-la-crianza-de-los-hijos\/"},"modified":"2023-07-12T09:09:53","modified_gmt":"2023-07-12T16:09:53","slug":"apoyo-a-la-crianza-de-los-hijos","status":"publish","type":"page","link":"https:\/\/lifelinepregnancycenter.org\/es\/apoyo-a-la-crianza-de-los-hijos\/","title":{"rendered":"Apoyo a la crianza de los hijos"},"content":{"rendered":"\n<h2 class=\"wp-block-heading\">Gana mientras aprendes<\/h2>\n\n<p>Gana mientras aprendes<strong> <\/strong>est\u00e1 dise\u00f1ado para ayudarle a desarrollar las habilidades que necesita para ser el mejor padre posible. Gana d\u00f3lares para el beb\u00e9 con cada lecci\u00f3n que completes y canj\u00e9alos en nuestra boutique para beb\u00e9s por art\u00edculos como ropa, pa\u00f1ales, leche de f\u00f3rmula para beb\u00e9s y otras necesidades.<\/p>\n\n<p>Todos los padres quieren aprender a ser eficaces en la crianza de un ni\u00f1o feliz y sano. El personal del Centro de Embarazo LifeLine est\u00e1 aqu\u00ed para proporcionarle el apoyo y los recursos que necesita para lograr este objetivo. <\/p>\n\n<p>Estas lecciones son divertidas, interesantes y pr\u00e1cticas. Hay una serie de temas entre los que elegir, que nuestro personal utilizar\u00e1 para crear un plan de clases que se adapte exclusivamente a sus necesidades. Nuestro objetivo es ayudarle a convertirse en el mejor padre que pueda ser.<\/p>\n\n<h2 class=\"wp-block-heading\">Boutique del beb\u00e9<\/h2>\n\n<figure class=\"wp-block-image size-full\"><img decoding=\"async\" width=\"300\" height=\"400\" src=\"https:\/\/lifelinepregnancycenter.org\/wp-content\/uploads\/2022\/11\/IMG_1481.jpeg\" alt=\"\" class=\"wp-image-787\" srcset=\"https:\/\/lifelinepregnancycenter.org\/wp-content\/uploads\/2022\/11\/IMG_1481.jpeg 300w, https:\/\/lifelinepregnancycenter.org\/wp-content\/uploads\/2022\/11\/IMG_1481-225x300.jpeg 225w, https:\/\/lifelinepregnancycenter.org\/wp-content\/uploads\/2022\/11\/IMG_1481-90x120.jpeg 90w\" sizes=\"(max-width: 300px) 100vw, 300px\" \/><\/figure>\n<p>Nuestra boutique para beb\u00e9s est\u00e1 llena de pa\u00f1ales, leche de f\u00f3rmula para beb\u00e9s y otros art\u00edculos esenciales, incluyendo ropa para ni\u00f1os y ni\u00f1as de 0 a 4 a\u00f1os.<\/p>\n\n<p>Llame o pase por aqu\u00ed para empezar hoy mismo.<\/p>\n","protected":false},"excerpt":{"rendered":"<p>Gana mientras aprendes Gana mientras aprendes est\u00e1 dise\u00f1ado para ayudarle a desarrollar las habilidades que necesita para ser el mejor padre posible. Gana d\u00f3lares para el beb\u00e9 con cada lecci\u00f3n que completes y canj\u00e9alos en nuestra boutique para beb\u00e9s por art\u00edculos como ropa, pa\u00f1ales, leche de f\u00f3rmula para beb\u00e9s y otras necesidades. Todos los padres<\/p>\n","protected":false},"author":1,"featured_media":0,"parent":0,"menu_order":0,"comment_status":"closed","ping_status":"closed","template":"","meta":{"_acf_changed":false,"footnotes":"","_links_to":"","_links_to_target":""},"class_list":["post-688","page","type-page","status-publish","hentry"],"acf":[],"yoast_head":"<!-- This site is optimized with the Yoast SEO plugin v27.3 - https:\/\/yoast.com\/product\/yoast-seo-wordpress\/ -->\n<title>Apoyo a la crianza de los hijos - Line Pregnancy Center<\/title>\n<meta name=\"description\" content=\"Read more about Apoyo a la crianza de los hijos in this page. LifeLine Pregnancy Center offers free pregnancy services in Grover Beach, CA.\" \/>\n<meta name=\"robots\" content=\"index, follow, max-snippet:-1, max-image-preview:large, max-video-preview:-1\" \/>\n<link rel=\"canonical\" href=\"https:\/\/lifelinepregnancycenter.org\/es\/apoyo-a-la-crianza-de-los-hijos\/\" \/>\n<meta property=\"og:locale\" content=\"es_ES\" \/>\n<meta property=\"og:type\" content=\"article\" \/>\n<meta property=\"og:title\" content=\"Apoyo a la crianza de los hijos - Line Pregnancy Center\" \/>\n<meta property=\"og:description\" content=\"Read more about Apoyo a la crianza de los hijos in this page. LifeLine Pregnancy Center offers free pregnancy services in Grover Beach, CA.\" \/>\n<meta property=\"og:url\" content=\"https:\/\/lifelinepregnancycenter.org\/es\/apoyo-a-la-crianza-de-los-hijos\/\" \/>\n<meta property=\"og:site_name\" content=\"Line Pregnancy Center\" \/>\n<meta property=\"article:modified_time\" content=\"2023-07-12T16:09:53+00:00\" \/>\n<meta property=\"og:image\" content=\"https:\/\/lifelinepregnancycenter.org\/wp-content\/uploads\/2022\/11\/IMG_1481.jpeg\" \/>\n<meta name=\"twitter:card\" content=\"summary_large_image\" \/>\n<meta name=\"twitter:label1\" content=\"Tiempo de lectura\" \/>\n\t<meta name=\"twitter:data1\" content=\"1 minuto\" \/>\n<!-- \/ Yoast SEO plugin. -->","yoast_head_json":{"title":"Apoyo a la crianza de los hijos - Line Pregnancy Center","description":"Read more about Apoyo a la crianza de los hijos in this page. LifeLine Pregnancy Center offers free pregnancy services in Grover Beach, CA.","robots":{"index":"index","follow":"follow","max-snippet":"max-snippet:-1","max-image-preview":"max-image-preview:large","max-video-preview":"max-video-preview:-1"},"canonical":"https:\/\/lifelinepregnancycenter.org\/es\/apoyo-a-la-crianza-de-los-hijos\/","og_locale":"es_ES","og_type":"article","og_title":"Apoyo a la crianza de los hijos - Line Pregnancy Center","og_description":"Read more about Apoyo a la crianza de los hijos in this page. LifeLine Pregnancy Center offers free pregnancy services in Grover Beach, CA.","og_url":"https:\/\/lifelinepregnancycenter.org\/es\/apoyo-a-la-crianza-de-los-hijos\/","og_site_name":"Line Pregnancy Center","article_modified_time":"2023-07-12T16:09:53+00:00","og_image":[{"url":"https:\/\/lifelinepregnancycenter.org\/wp-content\/uploads\/2022\/11\/IMG_1481.jpeg","type":"","width":"","height":""}],"twitter_card":"summary_large_image","twitter_misc":{"Tiempo de lectura":"1 minuto"},"schema":{"@context":"https:\/\/schema.org","@graph":[{"@type":"WebPage","@id":"https:\/\/lifelinepregnancycenter.org\/es\/apoyo-a-la-crianza-de-los-hijos\/","url":"https:\/\/lifelinepregnancycenter.org\/es\/apoyo-a-la-crianza-de-los-hijos\/","name":"Apoyo a la crianza de los hijos - Line Pregnancy Center","isPartOf":{"@id":"https:\/\/lifelinepregnancycenter.org\/es\/#website"},"primaryImageOfPage":{"@id":"https:\/\/lifelinepregnancycenter.org\/es\/apoyo-a-la-crianza-de-los-hijos\/#primaryimage"},"image":{"@id":"https:\/\/lifelinepregnancycenter.org\/es\/apoyo-a-la-crianza-de-los-hijos\/#primaryimage"},"thumbnailUrl":"https:\/\/lifelinepregnancycenter.org\/wp-content\/uploads\/2022\/11\/IMG_1481.jpeg","datePublished":"2022-11-16T10:13:31+00:00","dateModified":"2023-07-12T16:09:53+00:00","description":"Read more about Apoyo a la crianza de los hijos in this page. LifeLine Pregnancy Center offers free pregnancy services in Grover Beach, CA.","breadcrumb":{"@id":"https:\/\/lifelinepregnancycenter.org\/es\/apoyo-a-la-crianza-de-los-hijos\/#breadcrumb"},"inLanguage":"es","potentialAction":[{"@type":"ReadAction","target":["https:\/\/lifelinepregnancycenter.org\/es\/apoyo-a-la-crianza-de-los-hijos\/"]}]},{"@type":"ImageObject","inLanguage":"es","@id":"https:\/\/lifelinepregnancycenter.org\/es\/apoyo-a-la-crianza-de-los-hijos\/#primaryimage","url":"https:\/\/lifelinepregnancycenter.org\/wp-content\/uploads\/2022\/11\/IMG_1481.jpeg","contentUrl":"https:\/\/lifelinepregnancycenter.org\/wp-content\/uploads\/2022\/11\/IMG_1481.jpeg"},{"@type":"BreadcrumbList","@id":"https:\/\/lifelinepregnancycenter.org\/es\/apoyo-a-la-crianza-de-los-hijos\/#breadcrumb","itemListElement":[{"@type":"ListItem","position":1,"name":"Home","item":"https:\/\/lifelinepregnancycenter.org\/es\/"},{"@type":"ListItem","position":2,"name":"Apoyo a la crianza de los hijos"}]},{"@type":"WebSite","@id":"https:\/\/lifelinepregnancycenter.org\/es\/#website","url":"https:\/\/lifelinepregnancycenter.org\/es\/","name":"Line Pregnancy Center","description":"","publisher":{"@id":"https:\/\/lifelinepregnancycenter.org\/es\/#organization"},"potentialAction":[{"@type":"SearchAction","target":{"@type":"EntryPoint","urlTemplate":"https:\/\/lifelinepregnancycenter.org\/es\/?s={search_term_string}"},"query-input":{"@type":"PropertyValueSpecification","valueRequired":true,"valueName":"search_term_string"}}],"inLanguage":"es"},{"@type":"Organization","@id":"https:\/\/lifelinepregnancycenter.org\/es\/#organization","name":"Line Pregnancy Center","url":"https:\/\/lifelinepregnancycenter.org\/es\/","logo":{"@type":"ImageObject","inLanguage":"es","@id":"https:\/\/lifelinepregnancycenter.org\/es\/#\/schema\/logo\/image\/","url":"https:\/\/lifelinepregnancycenter.org\/wp-content\/uploads\/2022\/11\/logo-1-e1674192508433.png","contentUrl":"https:\/\/lifelinepregnancycenter.org\/wp-content\/uploads\/2022\/11\/logo-1-e1674192508433.png","width":300,"height":47,"caption":"Line Pregnancy Center"},"image":{"@id":"https:\/\/lifelinepregnancycenter.org\/es\/#\/schema\/logo\/image\/"}}]}},"_links":{"self":[{"href":"https:\/\/lifelinepregnancycenter.org\/es\/wp-json\/wp\/v2\/pages\/688","targetHints":{"allow":["GET"]}}],"collection":[{"href":"https:\/\/lifelinepregnancycenter.org\/es\/wp-json\/wp\/v2\/pages"}],"about":[{"href":"https:\/\/lifelinepregnancycenter.org\/es\/wp-json\/wp\/v2\/types\/page"}],"author":[{"embeddable":true,"href":"https:\/\/lifelinepregnancycenter.org\/es\/wp-json\/wp\/v2\/users\/1"}],"replies":[{"embeddable":true,"href":"https:\/\/lifelinepregnancycenter.org\/es\/wp-json\/wp\/v2\/comments?post=688"}],"version-history":[{"count":1,"href":"https:\/\/lifelinepregnancycenter.org\/es\/wp-json\/wp\/v2\/pages\/688\/revisions"}],"predecessor-version":[{"id":1320,"href":"https:\/\/lifelinepregnancycenter.org\/es\/wp-json\/wp\/v2\/pages\/688\/revisions\/1320"}],"wp:attachment":[{"href":"https:\/\/lifelinepregnancycenter.org\/es\/wp-json\/wp\/v2\/media?parent=688"}],"curies":[{"name":"wp","href":"https:\/\/api.w.org\/{rel}","templated":true}]}}