{"id":689,"date":"2022-11-16T10:17:19","date_gmt":"2022-11-16T10:17:19","guid":{"rendered":"https:\/\/lifelinepregnancycenter.org\/para-hombres\/"},"modified":"2023-01-11T01:53:46","modified_gmt":"2023-01-11T01:53:46","slug":"para-hombres","status":"publish","type":"page","link":"https:\/\/lifelinepregnancycenter.org\/es\/para-hombres\/","title":{"rendered":"Para hombres"},"content":{"rendered":"\n<h2 class=\"wp-block-heading\">\u00bfNo sabe por d\u00f3nde empezar?<\/h2>\n\n<p>Si est\u00e1 asustada, confusa o abrumada por un embarazo no planificado, no est\u00e1 sola. Estamos a su disposici\u00f3n para que aprenda a navegar por sus opciones. No tienes por qu\u00e9 saber todas las respuestas.  <\/p>\n\n<p>Podemos ayudarte a decidir qu\u00e9 es lo siguiente para ti y tu pareja.<\/p>\n\n<h2 class=\"wp-block-heading\">Primer paso: Confirmaci\u00f3n del embarazo<\/h2>\n\n<p>Si su pareja confirm\u00f3 su embarazo con una prueba de embarazo casera, es importante hacer un seguimiento con una prueba de embarazo de grado m\u00e9dico Y una ecograf\u00eda limitada en LifeLine Pregnancy Center. La confirmaci\u00f3n del embarazo confirmar\u00e1 la presencia de un embarazo intrauterino, estimar\u00e1 la edad gestacional y confirmar\u00e1 la actividad cardiaca.  <\/p>\n\n<h2 class=\"wp-block-heading\">Conozca sus opciones<\/h2>\n\n<p>Tu decisi\u00f3n sobre el embarazo te afectar\u00e1 de ahora en adelante, por lo que es importante que consideres todas las opciones. T\u00fa y tu pareja ten\u00e9is tres opciones: el aborto, la adopci\u00f3n o la paternidad.  <\/p>\n\n<h3 class=\"wp-block-heading\">1. Aborto  <\/h3>\n\n<p>Los procedimientos de aborto conllevan muchos riesgos y complicaciones. Usted y su pareja merecen conocer los hechos antes de tomar una decisi\u00f3n. <\/p>\n\n<h3 class=\"wp-block-heading\">2. Adopci\u00f3n<\/h3>\n\n<p>El tipo de adopci\u00f3n que elija depende del tipo de comunicaci\u00f3n y contacto que desee tener con el ni\u00f1o y la familia adoptiva. Elija entre adopci\u00f3n abierta, cerrada o semiabierta.<\/p>\n\n<p>Para algunas personas, la adopci\u00f3n puede ser una soluci\u00f3n a un embarazo no deseado. La adopci\u00f3n puede ser una gran alternativa a la crianza de un ni\u00f1o para el que quiz\u00e1 no se sienta preparado. En muchos casos, puede ser la mejor opci\u00f3n y la m\u00e1s amorosa.<\/p>\n\n<h3 class=\"wp-block-heading\">3. Crianza de los hijos<\/h3>\n\n<p>Ser padres no es f\u00e1cil, pero s\u00ed gratificante, y no es imposible con un buen sistema de apoyo. Hable con nosotros hoy mismo para informarse sobre los servicios gratuitos de apoyo a la crianza que est\u00e1n a su disposici\u00f3n.  <\/p>\n\n<h2 class=\"wp-block-heading\">Obtenga ayuda hoy mismo<\/h2>\n\n<p>No est\u00e1 solo en su decisi\u00f3n. LifeLine ofrece defensores de clientes masculinos y &#8220;entrenadores de padres&#8221; para ayudarle a analizar sus opciones. La \u00fanica forma de saber realmente qu\u00e9 decisi\u00f3n es la adecuada para usted y su pareja es sentarse a analizar las opciones.  <\/p>\n","protected":false},"excerpt":{"rendered":"<p>\u00bfNo sabe por d\u00f3nde empezar? Si est\u00e1 asustada, confusa o abrumada por un embarazo no planificado, no est\u00e1 sola. Estamos a su disposici\u00f3n para que aprenda a navegar por sus opciones. No tienes por qu\u00e9 saber todas las respuestas. Podemos ayudarte a decidir qu\u00e9 es lo siguiente para ti y tu pareja. Primer paso: Confirmaci\u00f3n<\/p>\n","protected":false},"author":1,"featured_media":0,"parent":0,"menu_order":0,"comment_status":"closed","ping_status":"closed","template":"","meta":{"_acf_changed":false,"footnotes":"","_links_to":"","_links_to_target":""},"class_list":["post-689","page","type-page","status-publish","hentry"],"acf":[],"yoast_head":"<!-- This site is optimized with the Yoast SEO plugin v27.3 - https:\/\/yoast.com\/product\/yoast-seo-wordpress\/ -->\n<title>Para hombres - Line Pregnancy Center<\/title>\n<meta name=\"description\" content=\"Read more about Para hombres in this page. LifeLine Pregnancy Center offers free pregnancy services in Grover Beach, CA.\" \/>\n<meta name=\"robots\" content=\"index, follow, max-snippet:-1, max-image-preview:large, max-video-preview:-1\" \/>\n<link rel=\"canonical\" href=\"https:\/\/lifelinepregnancycenter.org\/es\/para-hombres\/\" \/>\n<meta property=\"og:locale\" content=\"es_ES\" \/>\n<meta property=\"og:type\" content=\"article\" \/>\n<meta property=\"og:title\" content=\"Para hombres - Line Pregnancy Center\" \/>\n<meta property=\"og:description\" content=\"Read more about Para hombres in this page. LifeLine Pregnancy Center offers free pregnancy services in Grover Beach, CA.\" \/>\n<meta property=\"og:url\" content=\"https:\/\/lifelinepregnancycenter.org\/es\/para-hombres\/\" \/>\n<meta property=\"og:site_name\" content=\"Line Pregnancy Center\" \/>\n<meta property=\"article:modified_time\" content=\"2023-01-11T01:53:46+00:00\" \/>\n<meta name=\"twitter:card\" content=\"summary_large_image\" \/>\n<meta name=\"twitter:label1\" content=\"Tiempo de lectura\" \/>\n\t<meta name=\"twitter:data1\" content=\"2 minutos\" \/>\n<!-- \/ Yoast SEO plugin. -->","yoast_head_json":{"title":"Para hombres - Line Pregnancy Center","description":"Read more about Para hombres in this page. LifeLine Pregnancy Center offers free pregnancy services in Grover Beach, CA.","robots":{"index":"index","follow":"follow","max-snippet":"max-snippet:-1","max-image-preview":"max-image-preview:large","max-video-preview":"max-video-preview:-1"},"canonical":"https:\/\/lifelinepregnancycenter.org\/es\/para-hombres\/","og_locale":"es_ES","og_type":"article","og_title":"Para hombres - Line Pregnancy Center","og_description":"Read more about Para hombres in this page. LifeLine Pregnancy Center offers free pregnancy services in Grover Beach, CA.","og_url":"https:\/\/lifelinepregnancycenter.org\/es\/para-hombres\/","og_site_name":"Line Pregnancy Center","article_modified_time":"2023-01-11T01:53:46+00:00","twitter_card":"summary_large_image","twitter_misc":{"Tiempo de lectura":"2 minutos"},"schema":{"@context":"https:\/\/schema.org","@graph":[{"@type":"WebPage","@id":"https:\/\/lifelinepregnancycenter.org\/es\/para-hombres\/","url":"https:\/\/lifelinepregnancycenter.org\/es\/para-hombres\/","name":"Para hombres - Line Pregnancy Center","isPartOf":{"@id":"https:\/\/lifelinepregnancycenter.org\/es\/#website"},"datePublished":"2022-11-16T10:17:19+00:00","dateModified":"2023-01-11T01:53:46+00:00","description":"Read more about Para hombres in this page. LifeLine Pregnancy Center offers free pregnancy services in Grover Beach, CA.","breadcrumb":{"@id":"https:\/\/lifelinepregnancycenter.org\/es\/para-hombres\/#breadcrumb"},"inLanguage":"es","potentialAction":[{"@type":"ReadAction","target":["https:\/\/lifelinepregnancycenter.org\/es\/para-hombres\/"]}]},{"@type":"BreadcrumbList","@id":"https:\/\/lifelinepregnancycenter.org\/es\/para-hombres\/#breadcrumb","itemListElement":[{"@type":"ListItem","position":1,"name":"Home","item":"https:\/\/lifelinepregnancycenter.org\/es\/"},{"@type":"ListItem","position":2,"name":"Para hombres"}]},{"@type":"WebSite","@id":"https:\/\/lifelinepregnancycenter.org\/es\/#website","url":"https:\/\/lifelinepregnancycenter.org\/es\/","name":"Line Pregnancy Center","description":"","publisher":{"@id":"https:\/\/lifelinepregnancycenter.org\/es\/#organization"},"potentialAction":[{"@type":"SearchAction","target":{"@type":"EntryPoint","urlTemplate":"https:\/\/lifelinepregnancycenter.org\/es\/?s={search_term_string}"},"query-input":{"@type":"PropertyValueSpecification","valueRequired":true,"valueName":"search_term_string"}}],"inLanguage":"es"},{"@type":"Organization","@id":"https:\/\/lifelinepregnancycenter.org\/es\/#organization","name":"Line Pregnancy Center","url":"https:\/\/lifelinepregnancycenter.org\/es\/","logo":{"@type":"ImageObject","inLanguage":"es","@id":"https:\/\/lifelinepregnancycenter.org\/es\/#\/schema\/logo\/image\/","url":"https:\/\/lifelinepregnancycenter.org\/wp-content\/uploads\/2022\/11\/logo-1-e1674192508433.png","contentUrl":"https:\/\/lifelinepregnancycenter.org\/wp-content\/uploads\/2022\/11\/logo-1-e1674192508433.png","width":300,"height":47,"caption":"Line Pregnancy Center"},"image":{"@id":"https:\/\/lifelinepregnancycenter.org\/es\/#\/schema\/logo\/image\/"}}]}},"_links":{"self":[{"href":"https:\/\/lifelinepregnancycenter.org\/es\/wp-json\/wp\/v2\/pages\/689","targetHints":{"allow":["GET"]}}],"collection":[{"href":"https:\/\/lifelinepregnancycenter.org\/es\/wp-json\/wp\/v2\/pages"}],"about":[{"href":"https:\/\/lifelinepregnancycenter.org\/es\/wp-json\/wp\/v2\/types\/page"}],"author":[{"embeddable":true,"href":"https:\/\/lifelinepregnancycenter.org\/es\/wp-json\/wp\/v2\/users\/1"}],"replies":[{"embeddable":true,"href":"https:\/\/lifelinepregnancycenter.org\/es\/wp-json\/wp\/v2\/comments?post=689"}],"version-history":[{"count":0,"href":"https:\/\/lifelinepregnancycenter.org\/es\/wp-json\/wp\/v2\/pages\/689\/revisions"}],"wp:attachment":[{"href":"https:\/\/lifelinepregnancycenter.org\/es\/wp-json\/wp\/v2\/media?parent=689"}],"curies":[{"name":"wp","href":"https:\/\/api.w.org\/{rel}","templated":true}]}}