{"id":692,"date":"2021-05-27T06:40:53","date_gmt":"2021-05-27T13:40:53","guid":{"rendered":"https:\/\/lifelinepregnancycenter.org\/contacto\/"},"modified":"2023-11-01T15:12:21","modified_gmt":"2023-11-01T22:12:21","slug":"contacto","status":"publish","type":"page","link":"https:\/\/lifelinepregnancycenter.org\/es\/contacto\/","title":{"rendered":"Contacto"},"content":{"rendered":"\n<p class=\"has-text-align-center\" style=\"text-align: left;\">Hable con nuestro equipo hoy en el Centro de Embarazo LifeLine para obtener las respuestas que necesita sobre su embarazo no planificado. Nos pondremos en contacto con usted lo antes posible.<\/p>\n<p style=\"text-align: left;\">El Centro de Embarazo LifeLine ofrece pruebas de embarazo, ecograf\u00edas limitadas e informaci\u00f3n sobre el aborto sin coste alguno. Por favor, elija una hora de cita a continuaci\u00f3n.<\/p>\n<div style=\"text-align: left;\" data-slate-type=\"paragraph\"><strong>Informaci\u00f3n adicional:<\/strong><\/div>\n<div style=\"text-align: left;\" data-slate-type=\"paragraph\">Si no ve la hora de su cita preferida a continuaci\u00f3n, llame a nuestro centro al <a class=\"autolink\" href=\"tel:8054814987\">+8054814987<\/a> para ver si hay citas adicionales disponibles.<\/div>\n<div data-slate-type=\"paragraph\"> <\/div>\n<div style=\"text-align: left;\" data-slate-type=\"paragraph\">Es necesario realizar una prueba de embarazo antes de la ecograf\u00eda. Durante su cita para la prueba de embarazo, su intercesor le comentar\u00e1 sus opciones y le programar\u00e1 una ecograf\u00eda limitada. Hacemos todo lo posible para programar ecograf\u00edas mientras usted est\u00e1 aqu\u00ed para su cita de prueba de embarazo, (citas de ultrasonido son limitadas).<\/div>\n","protected":false},"excerpt":{"rendered":"<p>Hable con nuestro equipo hoy en el Centro de Embarazo LifeLine para obtener las respuestas que necesita sobre su embarazo no planificado. Nos pondremos en contacto con usted lo antes posible. El Centro de Embarazo LifeLine ofrece pruebas de embarazo, ecograf\u00edas limitadas e informaci\u00f3n sobre el aborto sin coste alguno. Por favor, elija una hora<\/p>\n","protected":false},"author":1,"featured_media":0,"parent":0,"menu_order":0,"comment_status":"closed","ping_status":"closed","template":"views\/template-contact.blade.php","meta":{"_acf_changed":false,"footnotes":"","_links_to":"","_links_to_target":""},"class_list":["post-692","page","type-page","status-publish","hentry"],"acf":[],"yoast_head":"<!-- This site is optimized with the Yoast SEO plugin v27.4 - https:\/\/yoast.com\/product\/yoast-seo-wordpress\/ -->\n<title>Contacto - Line Pregnancy Center<\/title>\n<meta name=\"description\" content=\"Read more about Contacto in this page. LifeLine Pregnancy Center offers free pregnancy services in Grover Beach, CA.\" \/>\n<meta name=\"robots\" content=\"index, follow, max-snippet:-1, max-image-preview:large, max-video-preview:-1\" \/>\n<link rel=\"canonical\" href=\"https:\/\/lifelinepregnancycenter.org\/es\/contacto\/\" \/>\n<meta property=\"og:locale\" content=\"es_ES\" \/>\n<meta property=\"og:type\" content=\"article\" \/>\n<meta property=\"og:title\" content=\"Contacto - Line Pregnancy Center\" \/>\n<meta property=\"og:description\" content=\"Read more about Contacto in this page. LifeLine Pregnancy Center offers free pregnancy services in Grover Beach, CA.\" \/>\n<meta property=\"og:url\" content=\"https:\/\/lifelinepregnancycenter.org\/es\/contacto\/\" \/>\n<meta property=\"og:site_name\" content=\"Line Pregnancy Center\" \/>\n<meta property=\"article:modified_time\" content=\"2023-11-01T22:12:21+00:00\" \/>\n<meta name=\"twitter:card\" content=\"summary_large_image\" \/>\n<meta name=\"twitter:label1\" content=\"Tiempo de lectura\" \/>\n\t<meta name=\"twitter:data1\" content=\"1 minuto\" \/>\n<!-- \/ Yoast SEO plugin. -->","yoast_head_json":{"title":"Contacto - Line Pregnancy Center","description":"Read more about Contacto in this page. LifeLine Pregnancy Center offers free pregnancy services in Grover Beach, CA.","robots":{"index":"index","follow":"follow","max-snippet":"max-snippet:-1","max-image-preview":"max-image-preview:large","max-video-preview":"max-video-preview:-1"},"canonical":"https:\/\/lifelinepregnancycenter.org\/es\/contacto\/","og_locale":"es_ES","og_type":"article","og_title":"Contacto - Line Pregnancy Center","og_description":"Read more about Contacto in this page. LifeLine Pregnancy Center offers free pregnancy services in Grover Beach, CA.","og_url":"https:\/\/lifelinepregnancycenter.org\/es\/contacto\/","og_site_name":"Line Pregnancy Center","article_modified_time":"2023-11-01T22:12:21+00:00","twitter_card":"summary_large_image","twitter_misc":{"Tiempo de lectura":"1 minuto"},"schema":{"@context":"https:\/\/schema.org","@graph":[{"@type":"WebPage","@id":"https:\/\/lifelinepregnancycenter.org\/es\/contacto\/","url":"https:\/\/lifelinepregnancycenter.org\/es\/contacto\/","name":"Contacto - Line Pregnancy Center","isPartOf":{"@id":"https:\/\/lifelinepregnancycenter.org\/es\/#website"},"datePublished":"2021-05-27T13:40:53+00:00","dateModified":"2023-11-01T22:12:21+00:00","description":"Read more about Contacto in this page. LifeLine Pregnancy Center offers free pregnancy services in Grover Beach, CA.","breadcrumb":{"@id":"https:\/\/lifelinepregnancycenter.org\/es\/contacto\/#breadcrumb"},"inLanguage":"es","potentialAction":[{"@type":"ReadAction","target":["https:\/\/lifelinepregnancycenter.org\/es\/contacto\/"]}]},{"@type":"BreadcrumbList","@id":"https:\/\/lifelinepregnancycenter.org\/es\/contacto\/#breadcrumb","itemListElement":[{"@type":"ListItem","position":1,"name":"Home","item":"https:\/\/lifelinepregnancycenter.org\/es\/"},{"@type":"ListItem","position":2,"name":"Contacto"}]},{"@type":"WebSite","@id":"https:\/\/lifelinepregnancycenter.org\/es\/#website","url":"https:\/\/lifelinepregnancycenter.org\/es\/","name":"Line Pregnancy Center","description":"","publisher":{"@id":"https:\/\/lifelinepregnancycenter.org\/es\/#organization"},"potentialAction":[{"@type":"SearchAction","target":{"@type":"EntryPoint","urlTemplate":"https:\/\/lifelinepregnancycenter.org\/es\/?s={search_term_string}"},"query-input":{"@type":"PropertyValueSpecification","valueRequired":true,"valueName":"search_term_string"}}],"inLanguage":"es"},{"@type":"Organization","@id":"https:\/\/lifelinepregnancycenter.org\/es\/#organization","name":"Line Pregnancy Center","url":"https:\/\/lifelinepregnancycenter.org\/es\/","logo":{"@type":"ImageObject","inLanguage":"es","@id":"https:\/\/lifelinepregnancycenter.org\/es\/#\/schema\/logo\/image\/","url":"https:\/\/lifelinepregnancycenter.org\/wp-content\/uploads\/2022\/11\/logo-1-e1674192508433.png","contentUrl":"https:\/\/lifelinepregnancycenter.org\/wp-content\/uploads\/2022\/11\/logo-1-e1674192508433.png","width":300,"height":47,"caption":"Line Pregnancy Center"},"image":{"@id":"https:\/\/lifelinepregnancycenter.org\/es\/#\/schema\/logo\/image\/"}}]}},"_links":{"self":[{"href":"https:\/\/lifelinepregnancycenter.org\/es\/wp-json\/wp\/v2\/pages\/692","targetHints":{"allow":["GET"]}}],"collection":[{"href":"https:\/\/lifelinepregnancycenter.org\/es\/wp-json\/wp\/v2\/pages"}],"about":[{"href":"https:\/\/lifelinepregnancycenter.org\/es\/wp-json\/wp\/v2\/types\/page"}],"author":[{"embeddable":true,"href":"https:\/\/lifelinepregnancycenter.org\/es\/wp-json\/wp\/v2\/users\/1"}],"replies":[{"embeddable":true,"href":"https:\/\/lifelinepregnancycenter.org\/es\/wp-json\/wp\/v2\/comments?post=692"}],"version-history":[{"count":8,"href":"https:\/\/lifelinepregnancycenter.org\/es\/wp-json\/wp\/v2\/pages\/692\/revisions"}],"predecessor-version":[{"id":1392,"href":"https:\/\/lifelinepregnancycenter.org\/es\/wp-json\/wp\/v2\/pages\/692\/revisions\/1392"}],"wp:attachment":[{"href":"https:\/\/lifelinepregnancycenter.org\/es\/wp-json\/wp\/v2\/media?parent=692"}],"curies":[{"name":"wp","href":"https:\/\/api.w.org\/{rel}","templated":true}]}}