{"id":694,"date":"2022-08-19T07:08:51","date_gmt":"2022-08-19T14:08:51","guid":{"rendered":"https:\/\/lifelinepregnancycenter.org\/conozca-mi-estado\/"},"modified":"2023-07-12T09:09:55","modified_gmt":"2023-07-12T16:09:55","slug":"conozca-mi-estado","status":"publish","type":"page","link":"https:\/\/lifelinepregnancycenter.org\/es\/conozca-mi-estado\/","title":{"rendered":"Conozca mi Estado"},"content":{"rendered":"\n<p>Tras la reciente anulaci\u00f3n del caso Roe contra Wade, ha habido mucha confusi\u00f3n e incertidumbre sobre lo que significa para los derechos y la atenci\u00f3n sanitaria de las mujeres. No est\u00e1 solo.<\/p>\n\n<p>Si le preocupa la posibilidad de estar embarazada, tenga la seguridad de que su bienestar es nuestra m\u00e1xima prioridad. Nuestro equipo compasivo est\u00e1 aqu\u00ed como siempre, y aqu\u00ed para proporcionar apoyo confidencial y sin prejuicios a medida que navega su pr\u00f3ximo paso.<\/p>\n\n<h2 class=\"wp-block-heading\">\u00bfEs ilegal el aborto en todos los Estados?<\/h2>\n\n<p>Aunque la <a rel=\"noreferrer noopener\" href=\"https:\/\/www.nytimes.com\/interactive\/2022\/us\/abortion-laws-roe-v-wade.html\" target=\"_blank\">anulaci\u00f3n del<\/a> caso <a rel=\"noreferrer noopener\" href=\"https:\/\/www.nytimes.com\/interactive\/2022\/us\/abortion-laws-roe-v-wade.html\" target=\"_blank\"> <em>Roe contra Wade<\/em><\/a> supuso un cambio dr\u00e1stico, no ilegaliz\u00f3 el aborto en todo Estados Unidos. Sin embargo, cedi\u00f3 el poder a los Estados. Cada Estado determina ahora su normativa sobre el aborto.<\/p>\n\n<h2 class=\"wp-block-heading\">\u00bfPueden seguir trat\u00e1ndose los embarazos ect\u00f3picos?<\/h2>\n\n<p>Por supuesto. En todos los estados, las mujeres pueden seguir recibiendo la atenci\u00f3n m\u00e9dica necesaria para afecciones como el embarazo ect\u00f3pico y el aborto espont\u00e1neo. En la actualidad, no hay leyes que restrinjan estos cuidados, ya que salvan la vida de las mujeres.<\/p>\n\n<h2 class=\"wp-block-heading\">\u00bfEs legal el aborto en California?  <\/h2>\n\n<p>California siempre ha sido un estado con pocas restricciones al aborto. En noviembre de 2022, los votantes consagraron la protecci\u00f3n del aborto en la Constituci\u00f3n del Estado. La ley estatal de California protege el aborto y el gobernador firm\u00f3 un proyecto de ley para proteger a los proveedores de abortos de las prohibiciones de otros estados.<\/p>\n\n<h2 class=\"wp-block-heading\">\u00bfQu\u00e9 debo saber antes de abortar?  <\/h2>\n\n<p>Confirme su embarazo sin coste alguno para estar segura de los datos de su embarazo. Es importante estar totalmente preparado e informado sobre los distintos procedimientos de aborto y su elegibilidad.  <\/p>\n\n<p>Una ecograf\u00eda confirma si tiene un embarazo viable y sano, o si hay alguna complicaci\u00f3n potencialmente mortal. Algunas mujeres sufren complicaciones, como un embarazo ect\u00f3pico o un aborto espont\u00e1neo, por lo que es importante estar segura.  <\/p>\n\n<p>En LifeLine Pregnancy Center, ofrecemos ecograf\u00edas limitadas gratuitas, pruebas de embarazo, asesoramiento sobre opciones y mucho m\u00e1s.  <\/p>\n\n<p><a href=\"https:\/\/lifelinepregnancycenter.org\/es\/contacto\/\">Concierte<\/a> una cita con nuestro equipo sin prejuicios para obtener m\u00e1s informaci\u00f3n sobre el aborto y confirmar su embarazo. Estamos aqu\u00ed para ti.<\/p>\n","protected":false},"excerpt":{"rendered":"<p>Tras la reciente anulaci\u00f3n del caso Roe contra Wade, ha habido mucha confusi\u00f3n e incertidumbre sobre lo que significa para los derechos y la atenci\u00f3n sanitaria de las mujeres. No est\u00e1 solo. Si le preocupa la posibilidad de estar embarazada, tenga la seguridad de que su bienestar es nuestra m\u00e1xima prioridad. Nuestro equipo compasivo est\u00e1<\/p>\n","protected":false},"author":2,"featured_media":0,"parent":0,"menu_order":0,"comment_status":"closed","ping_status":"closed","template":"","meta":{"_acf_changed":false,"footnotes":"","_links_to":"","_links_to_target":""},"class_list":["post-694","page","type-page","status-publish","hentry"],"acf":[],"yoast_head":"<!-- This site is optimized with the Yoast SEO plugin v27.4 - https:\/\/yoast.com\/product\/yoast-seo-wordpress\/ -->\n<title>Conozca mi Estado - Line Pregnancy Center<\/title>\n<meta name=\"description\" content=\"Read more about Conozca mi Estado in this page. LifeLine Pregnancy Center offers free pregnancy services in Grover Beach, CA.\" \/>\n<meta name=\"robots\" content=\"index, follow, max-snippet:-1, max-image-preview:large, max-video-preview:-1\" \/>\n<link rel=\"canonical\" href=\"https:\/\/lifelinepregnancycenter.org\/es\/conozca-mi-estado\/\" \/>\n<meta property=\"og:locale\" content=\"es_ES\" \/>\n<meta property=\"og:type\" content=\"article\" \/>\n<meta property=\"og:title\" content=\"Conozca mi Estado - Line Pregnancy Center\" \/>\n<meta property=\"og:description\" content=\"Read more about Conozca mi Estado in this page. LifeLine Pregnancy Center offers free pregnancy services in Grover Beach, CA.\" \/>\n<meta property=\"og:url\" content=\"https:\/\/lifelinepregnancycenter.org\/es\/conozca-mi-estado\/\" \/>\n<meta property=\"og:site_name\" content=\"Line Pregnancy Center\" \/>\n<meta property=\"article:modified_time\" content=\"2023-07-12T16:09:55+00:00\" \/>\n<meta name=\"twitter:card\" content=\"summary_large_image\" \/>\n<meta name=\"twitter:label1\" content=\"Tiempo de lectura\" \/>\n\t<meta name=\"twitter:data1\" content=\"2 minutos\" \/>\n<!-- \/ Yoast SEO plugin. -->","yoast_head_json":{"title":"Conozca mi Estado - Line Pregnancy Center","description":"Read more about Conozca mi Estado in this page. LifeLine Pregnancy Center offers free pregnancy services in Grover Beach, CA.","robots":{"index":"index","follow":"follow","max-snippet":"max-snippet:-1","max-image-preview":"max-image-preview:large","max-video-preview":"max-video-preview:-1"},"canonical":"https:\/\/lifelinepregnancycenter.org\/es\/conozca-mi-estado\/","og_locale":"es_ES","og_type":"article","og_title":"Conozca mi Estado - Line Pregnancy Center","og_description":"Read more about Conozca mi Estado in this page. LifeLine Pregnancy Center offers free pregnancy services in Grover Beach, CA.","og_url":"https:\/\/lifelinepregnancycenter.org\/es\/conozca-mi-estado\/","og_site_name":"Line Pregnancy Center","article_modified_time":"2023-07-12T16:09:55+00:00","twitter_card":"summary_large_image","twitter_misc":{"Tiempo de lectura":"2 minutos"},"schema":{"@context":"https:\/\/schema.org","@graph":[{"@type":"WebPage","@id":"https:\/\/lifelinepregnancycenter.org\/es\/conozca-mi-estado\/","url":"https:\/\/lifelinepregnancycenter.org\/es\/conozca-mi-estado\/","name":"Conozca mi Estado - Line Pregnancy Center","isPartOf":{"@id":"https:\/\/lifelinepregnancycenter.org\/es\/#website"},"datePublished":"2022-08-19T14:08:51+00:00","dateModified":"2023-07-12T16:09:55+00:00","description":"Read more about Conozca mi Estado in this page. LifeLine Pregnancy Center offers free pregnancy services in Grover Beach, CA.","breadcrumb":{"@id":"https:\/\/lifelinepregnancycenter.org\/es\/conozca-mi-estado\/#breadcrumb"},"inLanguage":"es","potentialAction":[{"@type":"ReadAction","target":["https:\/\/lifelinepregnancycenter.org\/es\/conozca-mi-estado\/"]}]},{"@type":"BreadcrumbList","@id":"https:\/\/lifelinepregnancycenter.org\/es\/conozca-mi-estado\/#breadcrumb","itemListElement":[{"@type":"ListItem","position":1,"name":"Home","item":"https:\/\/lifelinepregnancycenter.org\/es\/"},{"@type":"ListItem","position":2,"name":"Conozca mi Estado"}]},{"@type":"WebSite","@id":"https:\/\/lifelinepregnancycenter.org\/es\/#website","url":"https:\/\/lifelinepregnancycenter.org\/es\/","name":"Line Pregnancy Center","description":"","publisher":{"@id":"https:\/\/lifelinepregnancycenter.org\/es\/#organization"},"potentialAction":[{"@type":"SearchAction","target":{"@type":"EntryPoint","urlTemplate":"https:\/\/lifelinepregnancycenter.org\/es\/?s={search_term_string}"},"query-input":{"@type":"PropertyValueSpecification","valueRequired":true,"valueName":"search_term_string"}}],"inLanguage":"es"},{"@type":"Organization","@id":"https:\/\/lifelinepregnancycenter.org\/es\/#organization","name":"Line Pregnancy Center","url":"https:\/\/lifelinepregnancycenter.org\/es\/","logo":{"@type":"ImageObject","inLanguage":"es","@id":"https:\/\/lifelinepregnancycenter.org\/es\/#\/schema\/logo\/image\/","url":"https:\/\/lifelinepregnancycenter.org\/wp-content\/uploads\/2022\/11\/logo-1-e1674192508433.png","contentUrl":"https:\/\/lifelinepregnancycenter.org\/wp-content\/uploads\/2022\/11\/logo-1-e1674192508433.png","width":300,"height":47,"caption":"Line Pregnancy Center"},"image":{"@id":"https:\/\/lifelinepregnancycenter.org\/es\/#\/schema\/logo\/image\/"}}]}},"_links":{"self":[{"href":"https:\/\/lifelinepregnancycenter.org\/es\/wp-json\/wp\/v2\/pages\/694","targetHints":{"allow":["GET"]}}],"collection":[{"href":"https:\/\/lifelinepregnancycenter.org\/es\/wp-json\/wp\/v2\/pages"}],"about":[{"href":"https:\/\/lifelinepregnancycenter.org\/es\/wp-json\/wp\/v2\/types\/page"}],"author":[{"embeddable":true,"href":"https:\/\/lifelinepregnancycenter.org\/es\/wp-json\/wp\/v2\/users\/2"}],"replies":[{"embeddable":true,"href":"https:\/\/lifelinepregnancycenter.org\/es\/wp-json\/wp\/v2\/comments?post=694"}],"version-history":[{"count":5,"href":"https:\/\/lifelinepregnancycenter.org\/es\/wp-json\/wp\/v2\/pages\/694\/revisions"}],"predecessor-version":[{"id":1133,"href":"https:\/\/lifelinepregnancycenter.org\/es\/wp-json\/wp\/v2\/pages\/694\/revisions\/1133"}],"wp:attachment":[{"href":"https:\/\/lifelinepregnancycenter.org\/es\/wp-json\/wp\/v2\/media?parent=694"}],"curies":[{"name":"wp","href":"https:\/\/api.w.org\/{rel}","templated":true}]}}