{"id":699,"date":"2021-05-27T06:30:37","date_gmt":"2021-05-27T13:30:37","guid":{"rendered":"https:\/\/lifelinepregnancycenter.org\/embarazada\/"},"modified":"2023-07-12T09:09:54","modified_gmt":"2023-07-12T16:09:54","slug":"embarazada","status":"publish","type":"page","link":"https:\/\/lifelinepregnancycenter.org\/es\/embarazada\/","title":{"rendered":"\u00bfEmbarazada?"},"content":{"rendered":"\n<p>No est\u00e1s sola cuando te enfrentas a un embarazo no planificado. Muchas mujeres como usted experimentan miedo, confusi\u00f3n y ansiedad cuando tienen que optar por un embarazo. Si te presionan para que elijas una determinada opci\u00f3n de embarazo, debes saber que t\u00fa tienes la \u00faltima palabra. Estamos aqu\u00ed para apoyarle en su viaje.<\/p>\n\n<h2 class=\"wp-block-heading\">\u00bfEst\u00e1 realmente embarazada?<\/h2>\n\n<p>Tanto si te has hecho una prueba de embarazo casera como si se te ha retrasado la regla, debes confirmar tu embarazo con una prueba de embarazo y una ecograf\u00eda limitada. Las pruebas de embarazo caseras no siempre son precisas.  <\/p>\n\n<p>Seg\u00fan la Cl\u00ednica Mayo, el 20% o m\u00e1s de los embarazos acaban en aborto natural. Aunque hayas abortado, es posible que obtengas un resultado positivo en una prueba de embarazo debido a las fluctuaciones hormonales de tu cuerpo.  <\/p>\n\n<p>El hecho de que tu periodo se retrase no significa necesariamente que est\u00e9s embarazada. Se producen cambios en tu ciclo menstrual mensual debido al estr\u00e9s, a un desequilibrio hormonal o a los medicamentos que est\u00e1s tomando. Si eres una deportista en formaci\u00f3n, el exceso de ejercicio tambi\u00e9n puede afectar a tu periodo.<\/p>\n\n<h2 class=\"wp-block-heading\">Servicios gratuitos para embarazadas  <\/h2>\n\n<p>En nuestro centro, puede confirmar su embarazo. Nuestras pruebas de embarazo de calidad m\u00e9dica son f\u00e1ciles de usar y autoadministradas. Si los resultados de la prueba son positivos, el siguiente paso es una ecograf\u00eda limitada.  <\/p>\n\n<p>Una ecograf\u00eda limitada puede confirmar la presencia de un embarazo intrauterino, estimar la edad gestacional y confirmar la actividad cardiaca. Estos detalles son importantes para determinar sus opciones de embarazo.<\/p>\n\n<h2 class=\"wp-block-heading\">Conozca sus opciones<\/h2>\n\n<p>Una vez que hayas confirmado tu embarazo en nuestro centro, podemos ofrecerte formaci\u00f3n sobre todas las opciones de embarazo. Podemos ayudarle a explorar los pros y los contras de cada opci\u00f3n.<\/p>\n\n<p><a href=\"https:\/\/lifelinepregnancycenter.org\/es\/contacto\/\">Concierte<\/a> con nosotros una cita confidencial de confirmaci\u00f3n del embarazo sin coste alguno para usted.<\/p>\n","protected":false},"excerpt":{"rendered":"<p>No est\u00e1s sola cuando te enfrentas a un embarazo no planificado. Muchas mujeres como usted experimentan miedo, confusi\u00f3n y ansiedad cuando tienen que optar por un embarazo. Si te presionan para que elijas una determinada opci\u00f3n de embarazo, debes saber que t\u00fa tienes la \u00faltima palabra. Estamos aqu\u00ed para apoyarle en su viaje. \u00bfEst\u00e1 realmente<\/p>\n","protected":false},"author":1,"featured_media":0,"parent":0,"menu_order":0,"comment_status":"closed","ping_status":"closed","template":"","meta":{"_acf_changed":false,"footnotes":"","_links_to":"","_links_to_target":""},"class_list":["post-699","page","type-page","status-publish","hentry"],"acf":[],"yoast_head":"<!-- This site is optimized with the Yoast SEO plugin v27.4 - https:\/\/yoast.com\/product\/yoast-seo-wordpress\/ -->\n<title>\u00bfEmbarazada? - Line Pregnancy Center<\/title>\n<meta name=\"description\" content=\"Read more about \u00bfEmbarazada? in this page. LifeLine Pregnancy Center offers free pregnancy services in Grover Beach, CA.\" \/>\n<meta name=\"robots\" content=\"index, follow, max-snippet:-1, max-image-preview:large, max-video-preview:-1\" \/>\n<link rel=\"canonical\" href=\"https:\/\/lifelinepregnancycenter.org\/es\/embarazada\/\" \/>\n<meta property=\"og:locale\" content=\"es_ES\" \/>\n<meta property=\"og:type\" content=\"article\" \/>\n<meta property=\"og:title\" content=\"\u00bfEmbarazada? - Line Pregnancy Center\" \/>\n<meta property=\"og:description\" content=\"Read more about \u00bfEmbarazada? in this page. LifeLine Pregnancy Center offers free pregnancy services in Grover Beach, CA.\" \/>\n<meta property=\"og:url\" content=\"https:\/\/lifelinepregnancycenter.org\/es\/embarazada\/\" \/>\n<meta property=\"og:site_name\" content=\"Line Pregnancy Center\" \/>\n<meta property=\"article:modified_time\" content=\"2023-07-12T16:09:54+00:00\" \/>\n<meta name=\"twitter:card\" content=\"summary_large_image\" \/>\n<meta name=\"twitter:label1\" content=\"Tiempo de lectura\" \/>\n\t<meta name=\"twitter:data1\" content=\"2 minutos\" \/>\n<!-- \/ Yoast SEO plugin. -->","yoast_head_json":{"title":"\u00bfEmbarazada? - Line Pregnancy Center","description":"Read more about \u00bfEmbarazada? in this page. LifeLine Pregnancy Center offers free pregnancy services in Grover Beach, CA.","robots":{"index":"index","follow":"follow","max-snippet":"max-snippet:-1","max-image-preview":"max-image-preview:large","max-video-preview":"max-video-preview:-1"},"canonical":"https:\/\/lifelinepregnancycenter.org\/es\/embarazada\/","og_locale":"es_ES","og_type":"article","og_title":"\u00bfEmbarazada? - Line Pregnancy Center","og_description":"Read more about \u00bfEmbarazada? in this page. LifeLine Pregnancy Center offers free pregnancy services in Grover Beach, CA.","og_url":"https:\/\/lifelinepregnancycenter.org\/es\/embarazada\/","og_site_name":"Line Pregnancy Center","article_modified_time":"2023-07-12T16:09:54+00:00","twitter_card":"summary_large_image","twitter_misc":{"Tiempo de lectura":"2 minutos"},"schema":{"@context":"https:\/\/schema.org","@graph":[{"@type":"WebPage","@id":"https:\/\/lifelinepregnancycenter.org\/es\/embarazada\/","url":"https:\/\/lifelinepregnancycenter.org\/es\/embarazada\/","name":"\u00bfEmbarazada? - Line Pregnancy Center","isPartOf":{"@id":"https:\/\/lifelinepregnancycenter.org\/es\/#website"},"datePublished":"2021-05-27T13:30:37+00:00","dateModified":"2023-07-12T16:09:54+00:00","description":"Read more about \u00bfEmbarazada? in this page. LifeLine Pregnancy Center offers free pregnancy services in Grover Beach, CA.","breadcrumb":{"@id":"https:\/\/lifelinepregnancycenter.org\/es\/embarazada\/#breadcrumb"},"inLanguage":"es","potentialAction":[{"@type":"ReadAction","target":["https:\/\/lifelinepregnancycenter.org\/es\/embarazada\/"]}]},{"@type":"BreadcrumbList","@id":"https:\/\/lifelinepregnancycenter.org\/es\/embarazada\/#breadcrumb","itemListElement":[{"@type":"ListItem","position":1,"name":"Home","item":"https:\/\/lifelinepregnancycenter.org\/es\/"},{"@type":"ListItem","position":2,"name":"\u00bfEmbarazada?"}]},{"@type":"WebSite","@id":"https:\/\/lifelinepregnancycenter.org\/es\/#website","url":"https:\/\/lifelinepregnancycenter.org\/es\/","name":"Line Pregnancy Center","description":"","publisher":{"@id":"https:\/\/lifelinepregnancycenter.org\/es\/#organization"},"potentialAction":[{"@type":"SearchAction","target":{"@type":"EntryPoint","urlTemplate":"https:\/\/lifelinepregnancycenter.org\/es\/?s={search_term_string}"},"query-input":{"@type":"PropertyValueSpecification","valueRequired":true,"valueName":"search_term_string"}}],"inLanguage":"es"},{"@type":"Organization","@id":"https:\/\/lifelinepregnancycenter.org\/es\/#organization","name":"Line Pregnancy Center","url":"https:\/\/lifelinepregnancycenter.org\/es\/","logo":{"@type":"ImageObject","inLanguage":"es","@id":"https:\/\/lifelinepregnancycenter.org\/es\/#\/schema\/logo\/image\/","url":"https:\/\/lifelinepregnancycenter.org\/wp-content\/uploads\/2022\/11\/logo-1-e1674192508433.png","contentUrl":"https:\/\/lifelinepregnancycenter.org\/wp-content\/uploads\/2022\/11\/logo-1-e1674192508433.png","width":300,"height":47,"caption":"Line Pregnancy Center"},"image":{"@id":"https:\/\/lifelinepregnancycenter.org\/es\/#\/schema\/logo\/image\/"}}]}},"_links":{"self":[{"href":"https:\/\/lifelinepregnancycenter.org\/es\/wp-json\/wp\/v2\/pages\/699","targetHints":{"allow":["GET"]}}],"collection":[{"href":"https:\/\/lifelinepregnancycenter.org\/es\/wp-json\/wp\/v2\/pages"}],"about":[{"href":"https:\/\/lifelinepregnancycenter.org\/es\/wp-json\/wp\/v2\/types\/page"}],"author":[{"embeddable":true,"href":"https:\/\/lifelinepregnancycenter.org\/es\/wp-json\/wp\/v2\/users\/1"}],"replies":[{"embeddable":true,"href":"https:\/\/lifelinepregnancycenter.org\/es\/wp-json\/wp\/v2\/comments?post=699"}],"version-history":[{"count":1,"href":"https:\/\/lifelinepregnancycenter.org\/es\/wp-json\/wp\/v2\/pages\/699\/revisions"}],"predecessor-version":[{"id":1322,"href":"https:\/\/lifelinepregnancycenter.org\/es\/wp-json\/wp\/v2\/pages\/699\/revisions\/1322"}],"wp:attachment":[{"href":"https:\/\/lifelinepregnancycenter.org\/es\/wp-json\/wp\/v2\/media?parent=699"}],"curies":[{"name":"wp","href":"https:\/\/api.w.org\/{rel}","templated":true}]}}